{"id":8668,"date":"2023-02-09T18:56:57","date_gmt":"2023-02-09T17:56:57","guid":{"rendered":"https:\/\/dental-bs.eu\/pravila-privatnosti\/"},"modified":"2023-10-31T20:53:36","modified_gmt":"2023-10-31T19:53:36","slug":"datenschutzbestimmungen","status":"publish","type":"page","link":"https:\/\/dental-bs.eu\/de\/datenschutzbestimmungen\/","title":{"rendered":"Datenschutzbestimmungen"},"content":{"rendered":"<section class=\"l-section wpb_row height_custom\"><div class=\"l-section-h i-cf\"><div class=\"g-cols vc_row via_grid cols_1 laptops-cols_inherit tablets-cols_inherit mobiles-cols_1 valign_top type_default stacking_default\"><div class=\"wpb_column vc_column_container\"><div class=\"vc_column-inner\"><div class=\"wpb_text_column us_custom_3b35bbb4\"><div class=\"wpb_wrapper\"><h2>Wer wir sind<\/h2>\n<p>Unsere Internetadresse lautet: https:\/\/dental-bs.eu.<br \/>Ordinacija dentalne medicine dr.med.dent Renate Bogdan \u0160kvorc, Ple\u0161kovec 30A, Lopatinec, PIN 82414521891, das sich um Ihre Privatsph\u00e4re und den Schutz Ihrer pers\u00f6nlichen Daten k\u00fcmmert. Zu diesem Zweck haben wir diese Datenschutzrichtlinie erarbeitet, um Sie \u00fcber die Art und Weise der Erfassung und Verarbeitung personenbezogener Daten zu informieren.<\/p>\n<h2>Cookies<\/h2>\n<p>Cookies sind Textdateien, die von dem vom Nutzer verwendeten Internetserver auf dem Computer des Nutzers abgelegt werden.<\/p>\n<p>Die Dateien werden erstellt, wenn der Browser das besuchte Netzziel auf das Ger\u00e4t des Nutzers l\u00e4dt, der dann die Daten an den Browser sendet und eine Textdatei (Cookie) erstellt. Der Browser ruft die Datei ab und sendet sie an den Zielserver im Netz (Orte, Seiten), wenn der Benutzer wieder dorthin zur\u00fcckkehrt.<\/p>\n<p>Die Cookies werden f\u00fcr das Funktionieren aller Funktionen der Website und eine bessere Nutzererfahrung verwendet und k\u00f6nnen tempor\u00e4r (nur w\u00e4hrend des Besuchs der Website gespeichert) oder permanent (sie bleiben nach dem Besuch auf dem Computer des Nutzers gespeichert) sein.<\/p>\n<p>Wir verwenden Cookies von Dritten, um Statistiken \u00fcber den Verkehr und die Nutzung unserer Websites zu erhalten. Zu den erhobenen Daten geh\u00f6ren Browser, Sprache, Betriebssystem und andere Standarddaten, die ausschlie\u00dflich in anonymer und massenhafter Form erhoben und analysiert werden.<\/p>\n<p>Wir verwenden Google Analytics-Statistiken, und Sie k\u00f6nnen die Cookie-Richtlinien von Drittanbietern auf Google Analytics finden.<\/p>\n<h2>Eingebettete Inhalte von anderen Webseiten<\/h2>\n<p>Die Artikel auf dieser Website k\u00f6nnen eingebettete Inhalte (z. B. Videos, Bilder, Artikel usw.) enthalten. Eingebettete Inhalte von anderen Webseiten verhalten sich genauso, als ob ein Besucher diese andere Webseite besucht h\u00e4tte.<\/p>\n<p>Diese Webseiten k\u00f6nnen Informationen \u00fcber Sie sammeln, Cookies verwenden, zus\u00e4tzliche Verfolgungen durch Dritte eingebaut haben und Ihre Interaktion mit diesen eingebetteten Inhalten \u00fcberwachen, einschlie\u00dflich der Verfolgung Ihrer Interaktion mit den eingebetteten Inhalten, wenn Sie ein Konto haben und auf der Webseite angemeldet sind.<\/p>\n<h2>Mit wem teilen wir Ihre Daten?<\/h2>\n<p>Wir geben Ihre pers\u00f6nlichen Daten nicht an Unternehmen, Organisationen oder Personen au\u00dferhalb unseres Unternehmens weiter.<\/p>\n<h2>Wie lange bewahren wir Ihre Daten auf?<\/h2>\n<p>Bei Nutzern, die sich auf unserer Webseite registrieren (falls vorhanden), speichern wir die von ihnen angegebenen personenbezogenen Daten auch in ihren Nutzerprofilen. Alle Nutzerinnen und Nutzer k\u00f6nnen ihre pers\u00f6nlichen Daten jederzeit einsehen, bearbeiten oder l\u00f6schen (sie k\u00f6nnen jedoch nicht ihren Benutzernamen \u00e4ndern). Auch Webseiten-Administratoren k\u00f6nnen diese Informationen einsehen und bearbeiten.<\/p>\n<h2>Welche Rechte haben Sie in Bezug auf Ihre Daten?<\/h2>\n<p>Sie k\u00f6nnen die L\u00f6schung aller personenbezogenen Daten verlangen, die wir \u00fcber Sie gespeichert haben. Dies gilt nicht f\u00fcr Informationen, die wir aus verwaltungstechnischen, rechtlichen oder sicherheitsrelevanten Gr\u00fcnden speichern m\u00fcssen.<\/p>\n<h2>Wohin \u00fcbermitteln wir Ihre Daten?<\/h2>\n<p>Alle Daten werden in Datenbanken und Speichersystemen unserer Hosting-Server gespeichert, die sich in den L\u00e4ndern der Europ\u00e4ischen Union befinden.<\/p>\n<p>Wir speichern und sch\u00fctzen Ihre pers\u00f6nlichen Daten f\u00fcr die Dauer Ihrer Gesch\u00e4ftsbeziehung mit uns.<\/p>\n<h2>\u00c4nderungen an unserer Datenschutzrichtlinie<\/h2>\n<p>Wenn wir \u00c4nderungen an unserer Datenschutzrichtlinie vornehmen, werden wir Sie auf dieser Seite dar\u00fcber informieren und das Datum der \u00c4nderung der Datenschutzrichtlinie wie folgt aktualisieren:<\/p>\n<p>Diese Datenschutzrichtlinie wurde zuletzt am 7. April 2023 ge\u00e4ndert.<\/p>\n<h2>Kontaktinformationen<\/h2>\n<p>Wir freuen uns \u00fcber Ihre Kommentare und Vorschl\u00e4ge zu diesen Datenschutzrichtlinien sowie \u00fcber sonstige Kommentare. Sie k\u00f6nnen uns kontaktieren unter: <a href=\"mailto:info@dental-bs.eu\"><strong>info@dental-bs.eu<\/strong><\/a>.<\/p>\n<\/div><\/div><\/div><\/div><\/div><\/div><\/section>\n","protected":false},"excerpt":{"rendered":"","protected":false},"author":1,"featured_media":0,"parent":0,"menu_order":4,"comment_status":"closed","ping_status":"closed","template":"","meta":{"footnotes":""},"class_list":["post-8668","page","type-page","status-publish","hentry"],"yoast_head":"<!-- This site is optimized with the Yoast SEO plugin v27.3 - https:\/\/yoast.com\/product\/yoast-seo-wordpress\/ -->\n<title>Datenschutzbestimmungen - Renata Bogdan \u0160kvorc, dr.med.dent.<\/title>\n<meta name=\"robots\" content=\"noindex, nofollow\" \/>\n<meta property=\"og:locale\" content=\"de_DE\" \/>\n<meta property=\"og:type\" content=\"article\" \/>\n<meta property=\"og:title\" content=\"Datenschutzbestimmungen - Renata Bogdan \u0160kvorc, dr.med.dent.\" \/>\n<meta property=\"og:url\" content=\"https:\/\/dental-bs.eu\/de\/datenschutzbestimmungen\/\" \/>\n<meta property=\"og:site_name\" content=\"Renata Bogdan \u0160kvorc, dr.med.dent.\" \/>\n<meta property=\"article:publisher\" content=\"https:\/\/www.facebook.com\/dr.renata.bogdan.skvorc\/\" \/>\n<meta property=\"article:modified_time\" content=\"2023-10-31T19:53:36+00:00\" \/>\n<meta property=\"og:image\" content=\"https:\/\/dental-bs.eu\/wp-content\/uploads\/2023\/04\/renata-bogdan-skvorc-cover.jpg\" \/>\n\t<meta property=\"og:image:width\" content=\"1200\" \/>\n\t<meta property=\"og:image:height\" content=\"630\" \/>\n\t<meta property=\"og:image:type\" content=\"image\/jpeg\" \/>\n<meta name=\"twitter:card\" content=\"summary_large_image\" \/>\n<script type=\"application\/ld+json\" class=\"yoast-schema-graph\">{\"@context\":\"https:\\\/\\\/schema.org\",\"@graph\":[{\"@type\":\"WebPage\",\"@id\":\"https:\\\/\\\/dental-bs.eu\\\/de\\\/datenschutzbestimmungen\\\/\",\"url\":\"https:\\\/\\\/dental-bs.eu\\\/de\\\/datenschutzbestimmungen\\\/\",\"name\":\"Datenschutzbestimmungen - Renata Bogdan \u0160kvorc, dr.med.dent.\",\"isPartOf\":{\"@id\":\"https:\\\/\\\/dental-bs.eu\\\/de\\\/#website\"},\"datePublished\":\"2023-02-09T17:56:57+00:00\",\"dateModified\":\"2023-10-31T19:53:36+00:00\",\"breadcrumb\":{\"@id\":\"https:\\\/\\\/dental-bs.eu\\\/de\\\/datenschutzbestimmungen\\\/#breadcrumb\"},\"inLanguage\":\"de\",\"potentialAction\":[{\"@type\":\"ReadAction\",\"target\":[\"https:\\\/\\\/dental-bs.eu\\\/de\\\/datenschutzbestimmungen\\\/\"]}]},{\"@type\":\"BreadcrumbList\",\"@id\":\"https:\\\/\\\/dental-bs.eu\\\/de\\\/datenschutzbestimmungen\\\/#breadcrumb\",\"itemListElement\":[{\"@type\":\"ListItem\",\"position\":1,\"name\":\"Po\u010detna stranica\",\"item\":\"https:\\\/\\\/dental-bs.eu\\\/de\\\/\"},{\"@type\":\"ListItem\",\"position\":2,\"name\":\"Datenschutzbestimmungen\"}]},{\"@type\":\"WebSite\",\"@id\":\"https:\\\/\\\/dental-bs.eu\\\/de\\\/#website\",\"url\":\"https:\\\/\\\/dental-bs.eu\\\/de\\\/\",\"name\":\"Renata Bogdan \u0160kvorc, dr.med.dent.\",\"description\":\"Brinemo o Va\u0161im zubima\",\"publisher\":{\"@id\":\"https:\\\/\\\/dental-bs.eu\\\/de\\\/#organization\"},\"potentialAction\":[{\"@type\":\"SearchAction\",\"target\":{\"@type\":\"EntryPoint\",\"urlTemplate\":\"https:\\\/\\\/dental-bs.eu\\\/de\\\/?s={search_term_string}\"},\"query-input\":{\"@type\":\"PropertyValueSpecification\",\"valueRequired\":true,\"valueName\":\"search_term_string\"}}],\"inLanguage\":\"de\"},{\"@type\":\"Organization\",\"@id\":\"https:\\\/\\\/dental-bs.eu\\\/de\\\/#organization\",\"name\":\"Renata Bogdan \u0160kvorc, dr.med.dent.\",\"url\":\"https:\\\/\\\/dental-bs.eu\\\/de\\\/\",\"logo\":{\"@type\":\"ImageObject\",\"inLanguage\":\"de\",\"@id\":\"https:\\\/\\\/dental-bs.eu\\\/de\\\/#\\\/schema\\\/logo\\\/image\\\/\",\"url\":\"https:\\\/\\\/dental-bs.eu\\\/wp-content\\\/uploads\\\/2023\\\/04\\\/favicon-1.png\",\"contentUrl\":\"https:\\\/\\\/dental-bs.eu\\\/wp-content\\\/uploads\\\/2023\\\/04\\\/favicon-1.png\",\"width\":512,\"height\":512,\"caption\":\"Renata Bogdan \u0160kvorc, dr.med.dent.\"},\"image\":{\"@id\":\"https:\\\/\\\/dental-bs.eu\\\/de\\\/#\\\/schema\\\/logo\\\/image\\\/\"},\"sameAs\":[\"https:\\\/\\\/www.facebook.com\\\/dr.renata.bogdan.skvorc\\\/\"]}]}<\/script>\n<!-- \/ Yoast SEO plugin. -->","yoast_head_json":{"title":"Datenschutzbestimmungen - Renata Bogdan \u0160kvorc, dr.med.dent.","robots":{"index":"noindex","follow":"nofollow"},"og_locale":"de_DE","og_type":"article","og_title":"Datenschutzbestimmungen - Renata Bogdan \u0160kvorc, dr.med.dent.","og_url":"https:\/\/dental-bs.eu\/de\/datenschutzbestimmungen\/","og_site_name":"Renata Bogdan \u0160kvorc, dr.med.dent.","article_publisher":"https:\/\/www.facebook.com\/dr.renata.bogdan.skvorc\/","article_modified_time":"2023-10-31T19:53:36+00:00","og_image":[{"width":1200,"height":630,"url":"https:\/\/dental-bs.eu\/wp-content\/uploads\/2023\/04\/renata-bogdan-skvorc-cover.jpg","type":"image\/jpeg"}],"twitter_card":"summary_large_image","schema":{"@context":"https:\/\/schema.org","@graph":[{"@type":"WebPage","@id":"https:\/\/dental-bs.eu\/de\/datenschutzbestimmungen\/","url":"https:\/\/dental-bs.eu\/de\/datenschutzbestimmungen\/","name":"Datenschutzbestimmungen - Renata Bogdan \u0160kvorc, dr.med.dent.","isPartOf":{"@id":"https:\/\/dental-bs.eu\/de\/#website"},"datePublished":"2023-02-09T17:56:57+00:00","dateModified":"2023-10-31T19:53:36+00:00","breadcrumb":{"@id":"https:\/\/dental-bs.eu\/de\/datenschutzbestimmungen\/#breadcrumb"},"inLanguage":"de","potentialAction":[{"@type":"ReadAction","target":["https:\/\/dental-bs.eu\/de\/datenschutzbestimmungen\/"]}]},{"@type":"BreadcrumbList","@id":"https:\/\/dental-bs.eu\/de\/datenschutzbestimmungen\/#breadcrumb","itemListElement":[{"@type":"ListItem","position":1,"name":"Po\u010detna stranica","item":"https:\/\/dental-bs.eu\/de\/"},{"@type":"ListItem","position":2,"name":"Datenschutzbestimmungen"}]},{"@type":"WebSite","@id":"https:\/\/dental-bs.eu\/de\/#website","url":"https:\/\/dental-bs.eu\/de\/","name":"Renata Bogdan \u0160kvorc, dr.med.dent.","description":"Brinemo o Va\u0161im zubima","publisher":{"@id":"https:\/\/dental-bs.eu\/de\/#organization"},"potentialAction":[{"@type":"SearchAction","target":{"@type":"EntryPoint","urlTemplate":"https:\/\/dental-bs.eu\/de\/?s={search_term_string}"},"query-input":{"@type":"PropertyValueSpecification","valueRequired":true,"valueName":"search_term_string"}}],"inLanguage":"de"},{"@type":"Organization","@id":"https:\/\/dental-bs.eu\/de\/#organization","name":"Renata Bogdan \u0160kvorc, dr.med.dent.","url":"https:\/\/dental-bs.eu\/de\/","logo":{"@type":"ImageObject","inLanguage":"de","@id":"https:\/\/dental-bs.eu\/de\/#\/schema\/logo\/image\/","url":"https:\/\/dental-bs.eu\/wp-content\/uploads\/2023\/04\/favicon-1.png","contentUrl":"https:\/\/dental-bs.eu\/wp-content\/uploads\/2023\/04\/favicon-1.png","width":512,"height":512,"caption":"Renata Bogdan \u0160kvorc, dr.med.dent."},"image":{"@id":"https:\/\/dental-bs.eu\/de\/#\/schema\/logo\/image\/"},"sameAs":["https:\/\/www.facebook.com\/dr.renata.bogdan.skvorc\/"]}]}},"_links":{"self":[{"href":"https:\/\/dental-bs.eu\/de\/wp-json\/wp\/v2\/pages\/8668","targetHints":{"allow":["GET"]}}],"collection":[{"href":"https:\/\/dental-bs.eu\/de\/wp-json\/wp\/v2\/pages"}],"about":[{"href":"https:\/\/dental-bs.eu\/de\/wp-json\/wp\/v2\/types\/page"}],"author":[{"embeddable":true,"href":"https:\/\/dental-bs.eu\/de\/wp-json\/wp\/v2\/users\/1"}],"replies":[{"embeddable":true,"href":"https:\/\/dental-bs.eu\/de\/wp-json\/wp\/v2\/comments?post=8668"}],"version-history":[{"count":3,"href":"https:\/\/dental-bs.eu\/de\/wp-json\/wp\/v2\/pages\/8668\/revisions"}],"predecessor-version":[{"id":8671,"href":"https:\/\/dental-bs.eu\/de\/wp-json\/wp\/v2\/pages\/8668\/revisions\/8671"}],"wp:attachment":[{"href":"https:\/\/dental-bs.eu\/de\/wp-json\/wp\/v2\/media?parent=8668"}],"curies":[{"name":"wp","href":"https:\/\/api.w.org\/{rel}","templated":true}]}}