{"id":8682,"date":"2019-05-10T14:40:15","date_gmt":"2019-05-10T12:40:15","guid":{"rendered":"https:\/\/dental-bs.eu\/home\/"},"modified":"2023-10-31T21:21:50","modified_gmt":"2023-10-31T20:21:50","slug":"startseite","status":"publish","type":"page","link":"https:\/\/dental-bs.eu\/de\/","title":{"rendered":"Startseite"},"content":{"rendered":"<section class=\"l-section wpb_row us_custom_a9be633b jc-home-hero height_medium color_primary with_img with_shape\"><div class=\"l-section-img\" role=\"img\" aria-label=\"Bild\" data-img-width=\"1920\" data-img-height=\"600\" style=\"background-image: url(https:\/\/dental-bs.eu\/wp-content\/uploads\/2023\/04\/slider_03-1.jpg);background-position: top center;\"><\/div><div class=\"l-section-overlay\" style=\"background:rgba(26,26,26,0.50)\"><\/div><div class=\"l-section-shape type_wave pos_bottom hor_flip\" style=\"height:4vmin;color:var(--color-alt-content-bg)\"><svg xmlns=\"http:\/\/www.w3.org\/2000\/svg\" viewBox=\"0 4 64 4\" preserveAspectRatio=\"none\" width=\"100%\" height=\"100%\">\r\n\t<path fill=\"currentColor\" d=\"M64 6 C32 0 32 12 0 6 L0 8 L64 8 Z\"\/>\r\n<\/svg><\/div><div class=\"l-section-h i-cf\"><div class=\"g-cols vc_row via_grid cols_1 laptops-cols_inherit tablets-cols_inherit mobiles-cols_1 valign_top type_default stacking_default\"><div class=\"wpb_column vc_column_container jc-home-hero-txt\"><div class=\"vc_column-inner\"><div class=\"g-cols wpb_row us_custom_fca8cc99 via_grid cols_5 laptops-cols_inherit tablets-cols_1 mobiles-cols_1 valign_bottom type_default stacking_default\" style=\"--columns-gap:20px;\"><div class=\"wpb_column vc_column_container us_custom_c20baae1\"><div class=\"vc_column-inner\"><h1 class=\"w-text jc-home-hero-naslov\"><span class=\"w-text-h\"><span class=\"w-text-value\">Liebe Patienten!<\/span><\/span><\/h1><div class=\"wpb_text_column jc-home-hero-tekst\"><div class=\"wpb_wrapper\"><p>Die Zahnklinik von dr. dent. med. <strong>Renata Bogdan \u0160kvorc<\/strong> befindet sich in <strong>Ple\u0161kovec 30A, Lopatinec<\/strong> &#8211; gegen\u00fcber der Kirche &#8222;Sveti Juraj na Bregu&#8220;, 7 km von \u010cakovec, 25 km von Ljutomer (Slowenien).<\/p>\n<p><strong>\u00d6ffnungszeiten:<\/strong><br \/>Dampftage &#8211; 13:00 &#8211; 20:30<br \/>Nicht-Dampf-Termine &#8211; 7:00 &#8211; 14:30<br \/>Arbeitssamstag &#8211; 8:00 &#8211; 13:00 (Dampftage Termine)<\/p>\n<\/div><\/div><div class=\"w-separator size_small\"><\/div><div class=\"w-btn-wrapper align_left\"><a class=\"w-btn us-btn-style_4 us_custom_04bac797 icon_atright\" href=\"#kontakt\"><span class=\"w-btn-label\">Kontaktiere uns<\/span><i class=\"fas fa-chevron-down\"><\/i><\/a><\/div><div class=\"w-separator size_small\"><\/div><\/div><\/div><div class=\"wpb_column vc_column_container us_custom_75bf4b33\"><div class=\"vc_column-inner\"><\/div><\/div><\/div><\/div><\/div><\/div><\/div><\/section><section class=\"l-section wpb_row us_custom_c945c7ed height_custom\"><div class=\"l-section-h i-cf\"><div class=\"g-cols vc_row via_grid cols_1 laptops-cols_inherit tablets-cols_inherit mobiles-cols_1 valign_top type_default stacking_default\"><div class=\"wpb_column vc_column_container\"><div class=\"vc_column-inner\"><div class=\"g-cols wpb_row jc-about-home via_grid cols_2-3 laptops-cols_inherit tablets-cols_1 mobiles-cols_1 valign_middle type_default stacking_default\" style=\"--columns-gap:1.5rem;\"><div class=\"wpb_column vc_column_container us_custom_48162f1a hide_on_mobiles has_bg_color\"><div class=\"vc_column-inner\"><\/div><\/div><div class=\"wpb_column vc_column_container jc-about-right-content\"><div class=\"vc_column-inner\"><div class=\"w-text us_custom_748ae418 has_text_color\"><span class=\"w-text-h\"><span class=\"w-text-value\">dr.med.dent.<\/span><\/span><\/div><h2 class=\"w-text us_custom_df5f4c97 has_text_color\"><span class=\"w-text-h\"><span class=\"w-text-value\">Renata Bogdan \u0160kvorc<\/span><\/span><\/h2><div class=\"wpb_text_column\"><div class=\"wpb_wrapper\"><p><img decoding=\"async\" class=\"jc-renata-img-mobile hide_on_default hide_on_laptops hide_on_tablets alignleft wp-image-8393 size-thumbnail\" src=\"https:\/\/dental-bs.eu\/wp-content\/uploads\/2023\/04\/renata-33-150x150.jpg\" alt=\"\" width=\"150\" height=\"150\" \/>Nach dem Abschluss des naturwissenschaftlichen und mathematischen Gymnasiums in \u010cakovec schrieb sie sich an der Fakult\u00e4t f\u00fcr Zahnmedizin an der Universit\u00e4t Zagreb ein, wo sie 2017 ihren Abschluss machte.<\/p>\n<p>Nach ihrem Abschluss arbeitete sie 4 Jahre lang in der Vinica Dental Clinic (Galekovi\u0107), wo sie eine professionelle Ausbildung erhielt. Danach arbeitete sie ein Jahr lang in der Ambulanz von HZZO Dr. Nene Je\u0111ud. Seit einem Jahr ist sie bei MedialisPlus t\u00e4tig.<\/p>\n<p>Sie nimmt regelm\u00e4\u00dfig an nationalen und internationalen Seminaren teil, insbesondere auf dem Gebiet der restaurativen Zahnmedizin und Prothetik.<\/p>\n<\/div><\/div><\/div><\/div><\/div><\/div><\/div><\/div><\/div><\/section>\n","protected":false},"excerpt":{"rendered":"","protected":false},"author":1,"featured_media":8621,"parent":0,"menu_order":1,"comment_status":"closed","ping_status":"closed","template":"","meta":{"footnotes":""},"class_list":["post-8682","page","type-page","status-publish","has-post-thumbnail","hentry"],"yoast_head":"<!-- This site is optimized with the Yoast SEO plugin v27.3 - https:\/\/yoast.com\/product\/yoast-seo-wordpress\/ -->\n<title>Renata Bogdan \u0160kvorc, dr.med.dent.<\/title>\n<meta name=\"description\" content=\"Die Zahnklinik von dr. dent. med. Renata Bogdan \u0160kvorc befindet sich in Ple\u0161kovec 30A, Lopatinec - gegen\u00fcber der Kirche &quot;Sveti Juraj na Bregu&quot;, 7 km von \u010cakovec, 25 km von Ljutomer (Slowenien).\" \/>\n<meta name=\"robots\" content=\"index, follow, max-snippet:-1, max-image-preview:large, max-video-preview:-1\" \/>\n<link rel=\"canonical\" href=\"https:\/\/dental-bs.eu\/de\/\" \/>\n<meta property=\"og:locale\" content=\"de_DE\" \/>\n<meta property=\"og:type\" content=\"article\" \/>\n<meta property=\"og:title\" content=\"Renata Bogdan \u0160kvorc, dr.med.dent.\" \/>\n<meta property=\"og:description\" content=\"Die Zahnklinik von dr. dent. med. Renata Bogdan \u0160kvorc befindet sich in Ple\u0161kovec 30A, Lopatinec - gegen\u00fcber der Kirche &quot;Sveti Juraj na Bregu&quot;, 7 km von \u010cakovec, 25 km von Ljutomer (Slowenien).\" \/>\n<meta property=\"og:url\" content=\"https:\/\/dental-bs.eu\/de\/\" \/>\n<meta property=\"og:site_name\" content=\"Renata Bogdan \u0160kvorc, dr.med.dent.\" \/>\n<meta property=\"article:publisher\" content=\"https:\/\/www.facebook.com\/dr.renata.bogdan.skvorc\/\" \/>\n<meta property=\"article:modified_time\" content=\"2023-10-31T20:21:50+00:00\" \/>\n<meta property=\"og:image\" content=\"https:\/\/dental-bs.eu\/wp-content\/uploads\/2023\/04\/renata-33.jpg\" \/>\n\t<meta property=\"og:image:width\" content=\"1200\" \/>\n\t<meta property=\"og:image:height\" content=\"960\" \/>\n\t<meta property=\"og:image:type\" content=\"image\/jpeg\" \/>\n<meta name=\"twitter:card\" content=\"summary_large_image\" \/>\n<script type=\"application\/ld+json\" class=\"yoast-schema-graph\">{\"@context\":\"https:\\\/\\\/schema.org\",\"@graph\":[{\"@type\":\"WebPage\",\"@id\":\"https:\\\/\\\/dental-bs.eu\\\/de\\\/\",\"url\":\"https:\\\/\\\/dental-bs.eu\\\/de\\\/\",\"name\":\"Renata Bogdan \u0160kvorc, dr.med.dent.\",\"isPartOf\":{\"@id\":\"https:\\\/\\\/dental-bs.eu\\\/de\\\/#website\"},\"primaryImageOfPage\":{\"@id\":\"https:\\\/\\\/dental-bs.eu\\\/de\\\/#primaryimage\"},\"image\":{\"@id\":\"https:\\\/\\\/dental-bs.eu\\\/de\\\/#primaryimage\"},\"thumbnailUrl\":\"https:\\\/\\\/dental-bs.eu\\\/wp-content\\\/uploads\\\/2023\\\/04\\\/renata-33.jpg\",\"datePublished\":\"2019-05-10T12:40:15+00:00\",\"dateModified\":\"2023-10-31T20:21:50+00:00\",\"description\":\"Die Zahnklinik von dr. dent. med. Renata Bogdan \u0160kvorc befindet sich in Ple\u0161kovec 30A, Lopatinec - gegen\u00fcber der Kirche \\\"Sveti Juraj na Bregu\\\", 7 km von \u010cakovec, 25 km von Ljutomer (Slowenien).\",\"breadcrumb\":{\"@id\":\"https:\\\/\\\/dental-bs.eu\\\/de\\\/#breadcrumb\"},\"inLanguage\":\"de\",\"potentialAction\":[{\"@type\":\"ReadAction\",\"target\":[\"https:\\\/\\\/dental-bs.eu\\\/de\\\/\"]}]},{\"@type\":\"ImageObject\",\"inLanguage\":\"de\",\"@id\":\"https:\\\/\\\/dental-bs.eu\\\/de\\\/#primaryimage\",\"url\":\"https:\\\/\\\/dental-bs.eu\\\/wp-content\\\/uploads\\\/2023\\\/04\\\/renata-33.jpg\",\"contentUrl\":\"https:\\\/\\\/dental-bs.eu\\\/wp-content\\\/uploads\\\/2023\\\/04\\\/renata-33.jpg\",\"width\":1200,\"height\":960},{\"@type\":\"BreadcrumbList\",\"@id\":\"https:\\\/\\\/dental-bs.eu\\\/de\\\/#breadcrumb\",\"itemListElement\":[{\"@type\":\"ListItem\",\"position\":1,\"name\":\"Po\u010detna stranica\",\"item\":\"https:\\\/\\\/dental-bs.eu\\\/de\\\/\"},{\"@type\":\"ListItem\",\"position\":2,\"name\":\"Startseite\"}]},{\"@type\":\"WebSite\",\"@id\":\"https:\\\/\\\/dental-bs.eu\\\/de\\\/#website\",\"url\":\"https:\\\/\\\/dental-bs.eu\\\/de\\\/\",\"name\":\"Renata Bogdan \u0160kvorc, dr.med.dent.\",\"description\":\"Brinemo o Va\u0161im zubima\",\"publisher\":{\"@id\":\"https:\\\/\\\/dental-bs.eu\\\/de\\\/#organization\"},\"potentialAction\":[{\"@type\":\"SearchAction\",\"target\":{\"@type\":\"EntryPoint\",\"urlTemplate\":\"https:\\\/\\\/dental-bs.eu\\\/de\\\/?s={search_term_string}\"},\"query-input\":{\"@type\":\"PropertyValueSpecification\",\"valueRequired\":true,\"valueName\":\"search_term_string\"}}],\"inLanguage\":\"de\"},{\"@type\":\"Organization\",\"@id\":\"https:\\\/\\\/dental-bs.eu\\\/de\\\/#organization\",\"name\":\"Renata Bogdan \u0160kvorc, dr.med.dent.\",\"url\":\"https:\\\/\\\/dental-bs.eu\\\/de\\\/\",\"logo\":{\"@type\":\"ImageObject\",\"inLanguage\":\"de\",\"@id\":\"https:\\\/\\\/dental-bs.eu\\\/de\\\/#\\\/schema\\\/logo\\\/image\\\/\",\"url\":\"https:\\\/\\\/dental-bs.eu\\\/wp-content\\\/uploads\\\/2023\\\/04\\\/favicon-1.png\",\"contentUrl\":\"https:\\\/\\\/dental-bs.eu\\\/wp-content\\\/uploads\\\/2023\\\/04\\\/favicon-1.png\",\"width\":512,\"height\":512,\"caption\":\"Renata Bogdan \u0160kvorc, dr.med.dent.\"},\"image\":{\"@id\":\"https:\\\/\\\/dental-bs.eu\\\/de\\\/#\\\/schema\\\/logo\\\/image\\\/\"},\"sameAs\":[\"https:\\\/\\\/www.facebook.com\\\/dr.renata.bogdan.skvorc\\\/\"]}]}<\/script>\n<!-- \/ Yoast SEO plugin. -->","yoast_head_json":{"title":"Renata Bogdan \u0160kvorc, dr.med.dent.","description":"Die Zahnklinik von dr. dent. med. Renata Bogdan \u0160kvorc befindet sich in Ple\u0161kovec 30A, Lopatinec - gegen\u00fcber der Kirche \"Sveti Juraj na Bregu\", 7 km von \u010cakovec, 25 km von Ljutomer (Slowenien).","robots":{"index":"index","follow":"follow","max-snippet":"max-snippet:-1","max-image-preview":"max-image-preview:large","max-video-preview":"max-video-preview:-1"},"canonical":"https:\/\/dental-bs.eu\/de\/","og_locale":"de_DE","og_type":"article","og_title":"Renata Bogdan \u0160kvorc, dr.med.dent.","og_description":"Die Zahnklinik von dr. dent. med. Renata Bogdan \u0160kvorc befindet sich in Ple\u0161kovec 30A, Lopatinec - gegen\u00fcber der Kirche \"Sveti Juraj na Bregu\", 7 km von \u010cakovec, 25 km von Ljutomer (Slowenien).","og_url":"https:\/\/dental-bs.eu\/de\/","og_site_name":"Renata Bogdan \u0160kvorc, dr.med.dent.","article_publisher":"https:\/\/www.facebook.com\/dr.renata.bogdan.skvorc\/","article_modified_time":"2023-10-31T20:21:50+00:00","og_image":[{"width":1200,"height":960,"url":"https:\/\/dental-bs.eu\/wp-content\/uploads\/2023\/04\/renata-33.jpg","type":"image\/jpeg"}],"twitter_card":"summary_large_image","schema":{"@context":"https:\/\/schema.org","@graph":[{"@type":"WebPage","@id":"https:\/\/dental-bs.eu\/de\/","url":"https:\/\/dental-bs.eu\/de\/","name":"Renata Bogdan \u0160kvorc, dr.med.dent.","isPartOf":{"@id":"https:\/\/dental-bs.eu\/de\/#website"},"primaryImageOfPage":{"@id":"https:\/\/dental-bs.eu\/de\/#primaryimage"},"image":{"@id":"https:\/\/dental-bs.eu\/de\/#primaryimage"},"thumbnailUrl":"https:\/\/dental-bs.eu\/wp-content\/uploads\/2023\/04\/renata-33.jpg","datePublished":"2019-05-10T12:40:15+00:00","dateModified":"2023-10-31T20:21:50+00:00","description":"Die Zahnklinik von dr. dent. med. Renata Bogdan \u0160kvorc befindet sich in Ple\u0161kovec 30A, Lopatinec - gegen\u00fcber der Kirche \"Sveti Juraj na Bregu\", 7 km von \u010cakovec, 25 km von Ljutomer (Slowenien).","breadcrumb":{"@id":"https:\/\/dental-bs.eu\/de\/#breadcrumb"},"inLanguage":"de","potentialAction":[{"@type":"ReadAction","target":["https:\/\/dental-bs.eu\/de\/"]}]},{"@type":"ImageObject","inLanguage":"de","@id":"https:\/\/dental-bs.eu\/de\/#primaryimage","url":"https:\/\/dental-bs.eu\/wp-content\/uploads\/2023\/04\/renata-33.jpg","contentUrl":"https:\/\/dental-bs.eu\/wp-content\/uploads\/2023\/04\/renata-33.jpg","width":1200,"height":960},{"@type":"BreadcrumbList","@id":"https:\/\/dental-bs.eu\/de\/#breadcrumb","itemListElement":[{"@type":"ListItem","position":1,"name":"Po\u010detna stranica","item":"https:\/\/dental-bs.eu\/de\/"},{"@type":"ListItem","position":2,"name":"Startseite"}]},{"@type":"WebSite","@id":"https:\/\/dental-bs.eu\/de\/#website","url":"https:\/\/dental-bs.eu\/de\/","name":"Renata Bogdan \u0160kvorc, dr.med.dent.","description":"Brinemo o Va\u0161im zubima","publisher":{"@id":"https:\/\/dental-bs.eu\/de\/#organization"},"potentialAction":[{"@type":"SearchAction","target":{"@type":"EntryPoint","urlTemplate":"https:\/\/dental-bs.eu\/de\/?s={search_term_string}"},"query-input":{"@type":"PropertyValueSpecification","valueRequired":true,"valueName":"search_term_string"}}],"inLanguage":"de"},{"@type":"Organization","@id":"https:\/\/dental-bs.eu\/de\/#organization","name":"Renata Bogdan \u0160kvorc, dr.med.dent.","url":"https:\/\/dental-bs.eu\/de\/","logo":{"@type":"ImageObject","inLanguage":"de","@id":"https:\/\/dental-bs.eu\/de\/#\/schema\/logo\/image\/","url":"https:\/\/dental-bs.eu\/wp-content\/uploads\/2023\/04\/favicon-1.png","contentUrl":"https:\/\/dental-bs.eu\/wp-content\/uploads\/2023\/04\/favicon-1.png","width":512,"height":512,"caption":"Renata Bogdan \u0160kvorc, dr.med.dent."},"image":{"@id":"https:\/\/dental-bs.eu\/de\/#\/schema\/logo\/image\/"},"sameAs":["https:\/\/www.facebook.com\/dr.renata.bogdan.skvorc\/"]}]}},"_links":{"self":[{"href":"https:\/\/dental-bs.eu\/de\/wp-json\/wp\/v2\/pages\/8682","targetHints":{"allow":["GET"]}}],"collection":[{"href":"https:\/\/dental-bs.eu\/de\/wp-json\/wp\/v2\/pages"}],"about":[{"href":"https:\/\/dental-bs.eu\/de\/wp-json\/wp\/v2\/types\/page"}],"author":[{"embeddable":true,"href":"https:\/\/dental-bs.eu\/de\/wp-json\/wp\/v2\/users\/1"}],"replies":[{"embeddable":true,"href":"https:\/\/dental-bs.eu\/de\/wp-json\/wp\/v2\/comments?post=8682"}],"version-history":[{"count":3,"href":"https:\/\/dental-bs.eu\/de\/wp-json\/wp\/v2\/pages\/8682\/revisions"}],"predecessor-version":[{"id":8686,"href":"https:\/\/dental-bs.eu\/de\/wp-json\/wp\/v2\/pages\/8682\/revisions\/8686"}],"wp:featuredmedia":[{"embeddable":true,"href":"https:\/\/dental-bs.eu\/de\/wp-json\/wp\/v2\/media\/8621"}],"wp:attachment":[{"href":"https:\/\/dental-bs.eu\/de\/wp-json\/wp\/v2\/media?parent=8682"}],"curies":[{"name":"wp","href":"https:\/\/api.w.org\/{rel}","templated":true}]}}