{"id":8706,"date":"2023-09-08T12:08:08","date_gmt":"2023-09-08T10:08:08","guid":{"rendered":"https:\/\/dental-bs.eu\/usluge\/"},"modified":"2023-10-31T22:48:47","modified_gmt":"2023-10-31T21:48:47","slug":"dienstleistungen","status":"publish","type":"page","link":"https:\/\/dental-bs.eu\/de\/dienstleistungen\/","title":{"rendered":"Dienstleistungen"},"content":{"rendered":"<section class=\"l-section wpb_row height_auto width_custom color_primary with_shape\" style=\"--site-content-width:800px;\"><div class=\"l-section-overlay\" style=\"background:linear-gradient(to right,#32b6a1,#188897)\"><\/div><div class=\"l-section-shape type_wave pos_bottom hor_flip\" style=\"height:4vmin;\"><svg xmlns=\"http:\/\/www.w3.org\/2000\/svg\" viewBox=\"0 4 64 4\" preserveAspectRatio=\"none\" width=\"100%\" height=\"100%\">\r\n\t<path fill=\"currentColor\" d=\"M64 6 C32 0 32 12 0 6 L0 8 L64 8 Z\"\/>\r\n<\/svg><\/div><div class=\"l-section-h i-cf\"><div class=\"g-cols vc_row via_grid cols_1 laptops-cols_inherit tablets-cols_inherit mobiles-cols_1 valign_top type_default stacking_default\"><div class=\"wpb_column vc_column_container\"><div class=\"vc_column-inner\"><div class=\"w-separator size_small\"><\/div><h1 class=\"w-text us_custom_eb849559\"><span class=\"w-text-h\"><span class=\"w-text-value\">Dienstleistungen<\/span><\/span><\/h1><div class=\"w-separator size_small\"><\/div><\/div><\/div><\/div><\/div><\/section><section class=\"l-section wpb_row height_small\"><div class=\"l-section-h i-cf\"><div class=\"g-cols vc_row via_grid cols_1 laptops-cols_inherit tablets-cols_inherit mobiles-cols_1 valign_top type_default stacking_default\"><div class=\"wpb_column vc_column_container\"><div class=\"vc_column-inner\"><div class=\"w-separator size_small\"><\/div><div class=\"g-cols wpb_row via_grid cols_2-3 laptops-cols_inherit tablets-cols_inherit mobiles-cols_1 valign_top type_default reversed stacking_default\" style=\"--columns-gap:3.5vw;\"><div class=\"wpb_column vc_column_container type_sticky\"><div class=\"vc_column-inner\"><div class=\"w-image us_custom_9cf479d2 style_shadow-2 align_none\"><div class=\"w-image-h\"><div class=\"w-image-shadow\" style=\"background-image:url(https:\/\/dental-bs.eu\/wp-content\/uploads\/2023\/09\/fiksna-protetika-1024x570.jpg);\"><\/div><img decoding=\"async\" width=\"1024\" height=\"570\" src=\"https:\/\/dental-bs.eu\/wp-content\/uploads\/2023\/09\/fiksna-protetika-1024x570.jpg\" class=\"attachment-large size-large\" alt=\"\" loading=\"lazy\" srcset=\"https:\/\/dental-bs.eu\/wp-content\/uploads\/2023\/09\/fiksna-protetika-1024x570.jpg 1024w, https:\/\/dental-bs.eu\/wp-content\/uploads\/2023\/09\/fiksna-protetika-300x167.jpg 300w, https:\/\/dental-bs.eu\/wp-content\/uploads\/2023\/09\/fiksna-protetika.jpg 1200w\" sizes=\"auto, (max-width: 1024px) 100vw, 1024px\" \/><\/div><\/div><\/div><\/div><div class=\"wpb_column vc_column_container\"><div class=\"vc_column-inner\"><div class=\"wpb_text_column us_custom_d98eb4eb\"><div class=\"wpb_wrapper\"><h3>FIXE ZAHN-PROTHETIK<\/h3>\n<p>Zu der fixen Zahn- Prothetik z\u00e4hlen alle Leistungen, in denen die Rekonstruktionen auf den Z\u00e4hnen oder Zahnimplantaten fest verankert (fix) sind und nicht abnehmbar sind.<\/p>\n<ul>\n<li>KRONEN UND BR\u00dcCKEN (Metallkeramik)<\/li>\n<li>KRONEN UND BR\u00dcCKEN (Vollmetallkeramik)<\/li>\n<li>ZAHNERSATZ<\/li>\n<\/ul>\n<\/div><\/div><\/div><\/div><\/div><div class=\"w-separator size_large\"><\/div><div class=\"g-cols wpb_row via_grid cols_3-2 laptops-cols_inherit tablets-cols_inherit mobiles-cols_1 valign_top type_default stacking_default\" style=\"--columns-gap:3.5vw;\"><div class=\"wpb_column vc_column_container\"><div class=\"vc_column-inner\"><div class=\"wpb_text_column us_custom_b818dcba\"><div class=\"wpb_wrapper\"><h3>MOBILE ZAHNPROTETHIK<\/h3>\n<p>Die mobile Zahnprothetik bezieht sich auf mobile Rekonstruktionen, die t\u00e4glich aus dem Mund herausnehmbar sind. Die Zahnprothesen werden in F\u00e4llen von mehreren verlorenen Z\u00e4hnen oder beim vollst\u00e4ndigen Verlust der Z\u00e4hne eingesetzt.<\/p>\n<ul>\n<li>VOLLACRYLATPROTHESE<\/li>\n<li>TEILPROTHESEN<\/li>\n<li>REPARATUREN VON<\/li>\n<li>ZAHNPROTHESEN<\/li>\n<li>UNTERF\u00dcTTERUNG VON<\/li>\n<li>ZAHNPROTHESEN<\/li>\n<\/ul>\n<\/div><\/div><\/div><\/div><div class=\"wpb_column vc_column_container type_sticky\"><div class=\"vc_column-inner\"><div class=\"w-image us_custom_9cf479d2 style_shadow-2 has_ratio align_none\"><div class=\"w-image-h\"><div style=\"padding-bottom:66.6667%\"><\/div><div class=\"w-image-shadow\" style=\"background-image:url(https:\/\/dental-bs.eu\/wp-content\/uploads\/2023\/09\/mobilna-protetika-1024x683.jpg);\"><\/div><img decoding=\"async\" width=\"1024\" height=\"683\" src=\"https:\/\/dental-bs.eu\/wp-content\/uploads\/2023\/09\/mobilna-protetika-1024x683.jpg\" class=\"attachment-large size-large\" alt=\"\" loading=\"lazy\" \/><\/div><\/div><\/div><\/div><\/div><div class=\"w-separator size_large\"><\/div><div class=\"g-cols wpb_row via_grid cols_2-3 laptops-cols_inherit tablets-cols_inherit mobiles-cols_1 valign_top type_default reversed stacking_default\" style=\"--columns-gap:3.5vw;\"><div class=\"wpb_column vc_column_container type_sticky\"><div class=\"vc_column-inner\"><div class=\"w-image us_custom_9cf479d2 style_shadow-2 has_ratio align_none\"><div class=\"w-image-h\"><div style=\"padding-bottom:66.6667%\"><\/div><div class=\"w-image-shadow\" style=\"background-image:url(https:\/\/dental-bs.eu\/wp-content\/uploads\/2023\/09\/endodoncija-1024x683.jpg);\"><\/div><img decoding=\"async\" width=\"1024\" height=\"683\" src=\"https:\/\/dental-bs.eu\/wp-content\/uploads\/2023\/09\/endodoncija-1024x683.jpg\" class=\"attachment-large size-large\" alt=\"\" loading=\"lazy\" \/><\/div><\/div><\/div><\/div><div class=\"wpb_column vc_column_container\"><div class=\"vc_column-inner\"><div class=\"wpb_text_column us_custom_d98eb4eb\"><div class=\"wpb_wrapper\"><h3>ALLGEMEINE ZAHNHEILKUNDE<\/h3>\n<p><strong>Maschinelle Endodontie<\/strong><\/p>\n<p><strong>Endodontie ( \u201eLehre vom Zahninneren\u201c )<\/strong> ist eine zahnmedizinische Disziplin, die sich mit der Behandlung von pathologischen Prozessen in der Zahnpulpe besch\u00e4ftigt.<br \/>Diese Zahnbehandlung ist ein sehr empfindliches Verfahren, das eine gro\u00dfe Pr\u00e4zision der Zahn\u00e4rzte erfordert, um den Zahn und die Zahnwurzel retten zu k\u00f6nnen. In unserer Praxis wird diese Behandlung maschinell und mit lokalen An\u00e4sthesie durchgef\u00fchrt, die Behandlung ist schnell und schmerzlos. Typischer Symptom der Entz\u00fcndung der Zahnpulpa sind Schmerzen, die spontan oder als Reaktion auf die K\u00e4lte, W\u00e4rme oder S\u00fc\u00dfes auftreten und die akut, langanhaltend oder pulsierend sein k\u00f6nnen. Falls sich der Entz\u00fcndungsprozess vom Wurzelkanal auf den umgebenden periapikalen Knochen ausgebreitet hat, kommt es zu Schmerzen beim Bei\u00dfen und Schwellungen. Dieser Entz\u00fcndungsprozess kann auch ohne Symptome und nur mit einer Ver\u00e4nderung der Farbe der Zahnkrone und einem chronischen Prozess verlaufen \u2013 und kann oft als Zufallsbefund auf dem R\u00f6ntgenbild entdeckt werden.<\/p>\n<ul>\n<li>ZAHNF\u00dcLLUNGEN<\/li>\n<li>REVISIONSBEHANDLUNGEN<\/li>\n<li>ZAHNEXTRAKTION<\/li>\n<\/ul>\n<\/div><\/div><\/div><\/div><\/div><div class=\"w-separator size_large\"><\/div><div class=\"g-cols wpb_row via_grid cols_3-2 laptops-cols_inherit tablets-cols_inherit mobiles-cols_1 valign_top type_default stacking_default\" style=\"--columns-gap:3.5vw;\"><div class=\"wpb_column vc_column_container\"><div class=\"vc_column-inner\"><div class=\"wpb_text_column us_custom_b818dcba\"><div class=\"wpb_wrapper\"><h3>\u00c4STETHISCHE ZAHNHEILKUNDE<\/h3>\n<p>Die \u00e4stetische Zahnheilkunde befasst sich mit Behandlungen, die die Zahn\u00e4stethik verbessern.<\/p>\n<ul>\n<li>\u00c4STETHISCHE F\u00dcLLUNGEN<\/li>\n<li>ZAHNAUFHELLUNG<\/li>\n<li>SANDSTRAHLEN VON Z\u00c4HNEN<\/li>\n<li>ZAHNSTEINREINIGUNG<\/li>\n<li>ZAHNSCHMUCK<\/li>\n<\/ul>\n<\/div><\/div><\/div><\/div><div class=\"wpb_column vc_column_container type_sticky\"><div class=\"vc_column-inner\"><div class=\"w-image us_custom_9cf479d2 style_shadow-2 has_ratio align_none\"><div class=\"w-image-h\"><div style=\"padding-bottom:66.6667%\"><\/div><div class=\"w-image-shadow\" style=\"background-image:url(https:\/\/dental-bs.eu\/wp-content\/uploads\/2023\/09\/izbjeljivanje-zubiju-1024x683.jpg);\"><\/div><img decoding=\"async\" width=\"1024\" height=\"683\" src=\"https:\/\/dental-bs.eu\/wp-content\/uploads\/2023\/09\/izbjeljivanje-zubiju-1024x683.jpg\" class=\"attachment-large size-large\" alt=\"\" loading=\"lazy\" \/><\/div><\/div><\/div><\/div><\/div><div class=\"w-separator size_large\"><\/div><div class=\"g-cols wpb_row via_grid cols_2-3 laptops-cols_inherit tablets-cols_inherit mobiles-cols_1 valign_top type_default reversed stacking_default\" style=\"--columns-gap:3.5vw;\"><div class=\"wpb_column vc_column_container type_sticky\"><div class=\"vc_column-inner\"><div class=\"w-image us_custom_9cf479d2 style_shadow-2 has_ratio align_none\"><div class=\"w-image-h\"><div style=\"padding-bottom:66.6667%\"><\/div><div class=\"w-image-shadow\" style=\"background-image:url(https:\/\/dental-bs.eu\/wp-content\/uploads\/2023\/09\/paradontologija-1024x683.jpg);\"><\/div><img decoding=\"async\" width=\"1024\" height=\"683\" src=\"https:\/\/dental-bs.eu\/wp-content\/uploads\/2023\/09\/paradontologija-1024x683.jpg\" class=\"attachment-large size-large\" alt=\"\" loading=\"lazy\" \/><\/div><\/div><\/div><\/div><div class=\"wpb_column vc_column_container\"><div class=\"vc_column-inner\"><div class=\"wpb_text_column us_custom_d98eb4eb\"><div class=\"wpb_wrapper\"><h3>PARODONTOLOGIE<\/h3>\n<p>Die Parodontologie ist ein Fachgebiet der Zahnmedizin und besch\u00e4ftigt sich mit dem Zahnhalteapparat, seinen Erkrankungen und deren Therapien.<\/p>\n<p>Sollten Sie bestimmte Symptome von Zahn- und Zahnfleischerkrankungen, R\u00f6tungen, Blutungen oder Lockerung von Z\u00e4hnen bemerken \u2013 wenden Sie sich bitte umgehend an Ihren Zahnarzt. Unsere T\u00fcr ist\u00a0 immer f\u00fcr Sie offen!<\/p>\n<ul>\n<li>ZAHNSTEINREINIGUNG<\/li>\n<li>PROFESSIONELLE ZAHNREINIGUNG<\/li>\n<li>K\u00dcRETTAGE<\/li>\n<\/ul>\n<\/div><\/div><\/div><\/div><\/div><div class=\"w-separator size_large\"><\/div><div class=\"g-cols wpb_row via_grid cols_3-2 laptops-cols_inherit tablets-cols_inherit mobiles-cols_1 valign_top type_default stacking_default\" style=\"--columns-gap:3.5vw;\"><div class=\"wpb_column vc_column_container\"><div class=\"vc_column-inner\"><div class=\"wpb_text_column us_custom_b818dcba\"><div class=\"wpb_wrapper\"><h3>KINDERZAHNHEILKUNDE<\/h3>\n<p>Kinderzahnheilkunde befasst sich mit den pr\u00e4ventiven Ma\u00dfnahmen und zah\u00e4rztlichen Behandlungen von Milch- und jungen Dauerz\u00e4hnen.<\/p>\n<p>Es ist sehr wichtig, dass sich Ihr Kind die Gewohnheit der regelm\u00e4\u00dfigen Zahnarztbesuche\u00a0 aneignet und Vertrauen in seinen Zahnarzt hat, um die Angst zu bew\u00e4ltigen und in der Zukunft leichter zu kooperieren. Es wird empfohlen, dass die erste zahn\u00e4rztliche Untersuchung vor dem vollendeten dritten Lebensjahr stattfindet.<\/p>\n<ul>\n<li>UNTERSUCHUNGEN<\/li>\n<li>FLOURIDIERUNG DER Z\u00c4HNE<\/li>\n<li>FISSURENVERIEGELUNG<\/li>\n<li>ZAHNF\u00dcLLUNGEN IN FARBE (\u201cTwinky Star\u201c)<\/li>\n<\/ul>\n<\/div><\/div><\/div><\/div><div class=\"wpb_column vc_column_container type_sticky\"><div class=\"vc_column-inner\"><div class=\"w-image us_custom_9cf479d2 style_shadow-2 has_ratio align_none\"><div class=\"w-image-h\"><div style=\"padding-bottom:66.6667%\"><\/div><div class=\"w-image-shadow\" style=\"background-image:url(https:\/\/dental-bs.eu\/wp-content\/uploads\/2023\/04\/slider_03-1-1024x320.jpg);\"><\/div><img decoding=\"async\" width=\"1024\" height=\"320\" src=\"https:\/\/dental-bs.eu\/wp-content\/uploads\/2023\/04\/slider_03-1-1024x320.jpg\" class=\"attachment-large size-large\" alt=\"\" loading=\"lazy\" \/><\/div><\/div><\/div><\/div><\/div><div class=\"w-separator size_small\"><\/div><\/div><\/div><\/div><\/div><\/section>\n","protected":false},"excerpt":{"rendered":"","protected":false},"author":1,"featured_media":0,"parent":0,"menu_order":3,"comment_status":"closed","ping_status":"closed","template":"","meta":{"footnotes":""},"class_list":["post-8706","page","type-page","status-publish","hentry"],"yoast_head":"<!-- This site is optimized with the Yoast SEO plugin v27.3 - https:\/\/yoast.com\/product\/yoast-seo-wordpress\/ -->\n<title>Dienstleistungen - Renata Bogdan \u0160kvorc, dr.med.dent.<\/title>\n<meta name=\"robots\" content=\"index, follow, max-snippet:-1, max-image-preview:large, max-video-preview:-1\" \/>\n<link rel=\"canonical\" href=\"https:\/\/dental-bs.eu\/de\/dienstleistungen\/\" \/>\n<meta property=\"og:locale\" content=\"de_DE\" \/>\n<meta property=\"og:type\" content=\"article\" \/>\n<meta property=\"og:title\" content=\"Dienstleistungen - Renata Bogdan \u0160kvorc, dr.med.dent.\" \/>\n<meta property=\"og:url\" content=\"https:\/\/dental-bs.eu\/de\/dienstleistungen\/\" \/>\n<meta property=\"og:site_name\" content=\"Renata Bogdan \u0160kvorc, dr.med.dent.\" \/>\n<meta property=\"article:publisher\" content=\"https:\/\/www.facebook.com\/dr.renata.bogdan.skvorc\/\" \/>\n<meta property=\"article:modified_time\" content=\"2023-10-31T21:48:47+00:00\" \/>\n<meta property=\"og:image\" content=\"https:\/\/dental-bs.eu\/wp-content\/uploads\/2023\/04\/renata-bogdan-skvorc-cover.jpg\" \/>\n\t<meta property=\"og:image:width\" content=\"1200\" \/>\n\t<meta property=\"og:image:height\" content=\"630\" \/>\n\t<meta property=\"og:image:type\" content=\"image\/jpeg\" \/>\n<meta name=\"twitter:card\" content=\"summary_large_image\" \/>\n<script type=\"application\/ld+json\" class=\"yoast-schema-graph\">{\"@context\":\"https:\\\/\\\/schema.org\",\"@graph\":[{\"@type\":\"WebPage\",\"@id\":\"https:\\\/\\\/dental-bs.eu\\\/de\\\/dienstleistungen\\\/\",\"url\":\"https:\\\/\\\/dental-bs.eu\\\/de\\\/dienstleistungen\\\/\",\"name\":\"Dienstleistungen - Renata Bogdan \u0160kvorc, dr.med.dent.\",\"isPartOf\":{\"@id\":\"https:\\\/\\\/dental-bs.eu\\\/de\\\/#website\"},\"datePublished\":\"2023-09-08T10:08:08+00:00\",\"dateModified\":\"2023-10-31T21:48:47+00:00\",\"breadcrumb\":{\"@id\":\"https:\\\/\\\/dental-bs.eu\\\/de\\\/dienstleistungen\\\/#breadcrumb\"},\"inLanguage\":\"de\",\"potentialAction\":[{\"@type\":\"ReadAction\",\"target\":[\"https:\\\/\\\/dental-bs.eu\\\/de\\\/dienstleistungen\\\/\"]}]},{\"@type\":\"BreadcrumbList\",\"@id\":\"https:\\\/\\\/dental-bs.eu\\\/de\\\/dienstleistungen\\\/#breadcrumb\",\"itemListElement\":[{\"@type\":\"ListItem\",\"position\":1,\"name\":\"Po\u010detna stranica\",\"item\":\"https:\\\/\\\/dental-bs.eu\\\/de\\\/\"},{\"@type\":\"ListItem\",\"position\":2,\"name\":\"Dienstleistungen\"}]},{\"@type\":\"WebSite\",\"@id\":\"https:\\\/\\\/dental-bs.eu\\\/de\\\/#website\",\"url\":\"https:\\\/\\\/dental-bs.eu\\\/de\\\/\",\"name\":\"Renata Bogdan \u0160kvorc, dr.med.dent.\",\"description\":\"Brinemo o Va\u0161im zubima\",\"publisher\":{\"@id\":\"https:\\\/\\\/dental-bs.eu\\\/de\\\/#organization\"},\"potentialAction\":[{\"@type\":\"SearchAction\",\"target\":{\"@type\":\"EntryPoint\",\"urlTemplate\":\"https:\\\/\\\/dental-bs.eu\\\/de\\\/?s={search_term_string}\"},\"query-input\":{\"@type\":\"PropertyValueSpecification\",\"valueRequired\":true,\"valueName\":\"search_term_string\"}}],\"inLanguage\":\"de\"},{\"@type\":\"Organization\",\"@id\":\"https:\\\/\\\/dental-bs.eu\\\/de\\\/#organization\",\"name\":\"Renata Bogdan \u0160kvorc, dr.med.dent.\",\"url\":\"https:\\\/\\\/dental-bs.eu\\\/de\\\/\",\"logo\":{\"@type\":\"ImageObject\",\"inLanguage\":\"de\",\"@id\":\"https:\\\/\\\/dental-bs.eu\\\/de\\\/#\\\/schema\\\/logo\\\/image\\\/\",\"url\":\"https:\\\/\\\/dental-bs.eu\\\/wp-content\\\/uploads\\\/2023\\\/04\\\/favicon-1.png\",\"contentUrl\":\"https:\\\/\\\/dental-bs.eu\\\/wp-content\\\/uploads\\\/2023\\\/04\\\/favicon-1.png\",\"width\":512,\"height\":512,\"caption\":\"Renata Bogdan \u0160kvorc, dr.med.dent.\"},\"image\":{\"@id\":\"https:\\\/\\\/dental-bs.eu\\\/de\\\/#\\\/schema\\\/logo\\\/image\\\/\"},\"sameAs\":[\"https:\\\/\\\/www.facebook.com\\\/dr.renata.bogdan.skvorc\\\/\"]}]}<\/script>\n<!-- \/ Yoast SEO plugin. -->","yoast_head_json":{"title":"Dienstleistungen - Renata Bogdan \u0160kvorc, dr.med.dent.","robots":{"index":"index","follow":"follow","max-snippet":"max-snippet:-1","max-image-preview":"max-image-preview:large","max-video-preview":"max-video-preview:-1"},"canonical":"https:\/\/dental-bs.eu\/de\/dienstleistungen\/","og_locale":"de_DE","og_type":"article","og_title":"Dienstleistungen - Renata Bogdan \u0160kvorc, dr.med.dent.","og_url":"https:\/\/dental-bs.eu\/de\/dienstleistungen\/","og_site_name":"Renata Bogdan \u0160kvorc, dr.med.dent.","article_publisher":"https:\/\/www.facebook.com\/dr.renata.bogdan.skvorc\/","article_modified_time":"2023-10-31T21:48:47+00:00","og_image":[{"width":1200,"height":630,"url":"https:\/\/dental-bs.eu\/wp-content\/uploads\/2023\/04\/renata-bogdan-skvorc-cover.jpg","type":"image\/jpeg"}],"twitter_card":"summary_large_image","schema":{"@context":"https:\/\/schema.org","@graph":[{"@type":"WebPage","@id":"https:\/\/dental-bs.eu\/de\/dienstleistungen\/","url":"https:\/\/dental-bs.eu\/de\/dienstleistungen\/","name":"Dienstleistungen - Renata Bogdan \u0160kvorc, dr.med.dent.","isPartOf":{"@id":"https:\/\/dental-bs.eu\/de\/#website"},"datePublished":"2023-09-08T10:08:08+00:00","dateModified":"2023-10-31T21:48:47+00:00","breadcrumb":{"@id":"https:\/\/dental-bs.eu\/de\/dienstleistungen\/#breadcrumb"},"inLanguage":"de","potentialAction":[{"@type":"ReadAction","target":["https:\/\/dental-bs.eu\/de\/dienstleistungen\/"]}]},{"@type":"BreadcrumbList","@id":"https:\/\/dental-bs.eu\/de\/dienstleistungen\/#breadcrumb","itemListElement":[{"@type":"ListItem","position":1,"name":"Po\u010detna stranica","item":"https:\/\/dental-bs.eu\/de\/"},{"@type":"ListItem","position":2,"name":"Dienstleistungen"}]},{"@type":"WebSite","@id":"https:\/\/dental-bs.eu\/de\/#website","url":"https:\/\/dental-bs.eu\/de\/","name":"Renata Bogdan \u0160kvorc, dr.med.dent.","description":"Brinemo o Va\u0161im zubima","publisher":{"@id":"https:\/\/dental-bs.eu\/de\/#organization"},"potentialAction":[{"@type":"SearchAction","target":{"@type":"EntryPoint","urlTemplate":"https:\/\/dental-bs.eu\/de\/?s={search_term_string}"},"query-input":{"@type":"PropertyValueSpecification","valueRequired":true,"valueName":"search_term_string"}}],"inLanguage":"de"},{"@type":"Organization","@id":"https:\/\/dental-bs.eu\/de\/#organization","name":"Renata Bogdan \u0160kvorc, dr.med.dent.","url":"https:\/\/dental-bs.eu\/de\/","logo":{"@type":"ImageObject","inLanguage":"de","@id":"https:\/\/dental-bs.eu\/de\/#\/schema\/logo\/image\/","url":"https:\/\/dental-bs.eu\/wp-content\/uploads\/2023\/04\/favicon-1.png","contentUrl":"https:\/\/dental-bs.eu\/wp-content\/uploads\/2023\/04\/favicon-1.png","width":512,"height":512,"caption":"Renata Bogdan \u0160kvorc, dr.med.dent."},"image":{"@id":"https:\/\/dental-bs.eu\/de\/#\/schema\/logo\/image\/"},"sameAs":["https:\/\/www.facebook.com\/dr.renata.bogdan.skvorc\/"]}]}},"_links":{"self":[{"href":"https:\/\/dental-bs.eu\/de\/wp-json\/wp\/v2\/pages\/8706","targetHints":{"allow":["GET"]}}],"collection":[{"href":"https:\/\/dental-bs.eu\/de\/wp-json\/wp\/v2\/pages"}],"about":[{"href":"https:\/\/dental-bs.eu\/de\/wp-json\/wp\/v2\/types\/page"}],"author":[{"embeddable":true,"href":"https:\/\/dental-bs.eu\/de\/wp-json\/wp\/v2\/users\/1"}],"replies":[{"embeddable":true,"href":"https:\/\/dental-bs.eu\/de\/wp-json\/wp\/v2\/comments?post=8706"}],"version-history":[{"count":3,"href":"https:\/\/dental-bs.eu\/de\/wp-json\/wp\/v2\/pages\/8706\/revisions"}],"predecessor-version":[{"id":8712,"href":"https:\/\/dental-bs.eu\/de\/wp-json\/wp\/v2\/pages\/8706\/revisions\/8712"}],"wp:attachment":[{"href":"https:\/\/dental-bs.eu\/de\/wp-json\/wp\/v2\/media?parent=8706"}],"curies":[{"name":"wp","href":"https:\/\/api.w.org\/{rel}","templated":true}]}}