{"id":8672,"date":"2023-02-09T18:56:57","date_gmt":"2023-02-09T17:56:57","guid":{"rendered":"https:\/\/dental-bs.eu\/pravila-privatnosti\/"},"modified":"2023-10-31T21:03:49","modified_gmt":"2023-10-31T20:03:49","slug":"politika-zasebnosti","status":"publish","type":"page","link":"https:\/\/dental-bs.eu\/sl\/politika-zasebnosti\/","title":{"rendered":"Politika zasebnosti"},"content":{"rendered":"<section class=\"l-section wpb_row height_custom\"><div class=\"l-section-h i-cf\"><div class=\"g-cols vc_row via_grid cols_1 laptops-cols_inherit tablets-cols_inherit mobiles-cols_1 valign_top type_default stacking_default\"><div class=\"wpb_column vc_column_container\"><div class=\"vc_column-inner\"><div class=\"wpb_text_column us_custom_3b35bbb4\"><div class=\"wpb_wrapper\"><h2>Kdo smo<\/h2>\n<p>Naslov na\u0161e spletne strani je: https:\/\/dental-bs.eu.<br \/>\nOrdinacija dentalne medicine dr.med.dent Renate Bogdan \u0160kvorc, Ple\u0161kovec 30A, Lopatinec, PIN 82414521891, ki poskrbi za zasebnost in varnost va\u0161ih osebnih podatkov. Zato smo prilagodili politiko zasebnosti, da bi vas obvestili o na\u010dinih zbiranja in obdelovanja osebnih podatkov.<\/p>\n<h2>Pi\u0161kotki<\/h2>\n<p>Pi\u0161kotki so besedilne datoteke, ki jih na uporabnikov ra\u010dunalnik namesti internetni stre\u017enik, ki ga uporablja uporabnik.<\/p>\n<p>Datoteke se ustvarijo, ko brskalnik nalo\u017ei obiskano omre\u017eno mesto na uporabnikovo napravo, ki nato po\u0161lje podatke brskalniku in ustvari besedilno datoteko (pi\u0161kotek). Brskalnik pridobi in po\u0161lje datoteko stre\u017eniku omre\u017enega mesta (mesta, strani), ko ga uporabnik ponovno obi\u0161\u010de.<\/p>\n<p>Pi\u0161kotki se uporabljajo za delovanje vseh funkcij spletne strani in bolj\u0161o uporabni\u0161ko izku\u0161njo ter so lahko za\u010dasni (shranijo se zgolj med obiskom spletne strani) ali stalni (na uporabnikovem ra\u010dunalniku ostanejo shranjeni po obisku spletne strani).<\/p>\n<p>Za pridobitev statistik o prometu in uporabi na\u0161ih spletnih strani uporabljamo pi\u0161kotke tretjih oseb. Pridobljeni podatki vklju\u010dujejo brskalnik, jezik, operacijski sistem in drugi standardni podatki, pridobljeni in analizirani izklju\u010dno anonimno in masovno.<\/p>\n<p>Uporabljamo statistike Google Analytics, politike pi\u0161kotkov tretjih strank pa lahko najdete na Google Analytics.<\/p>\n<h2>Vdelane vsebine iz drugih spletnih strani<\/h2>\n<p>\u010clanki na tej spletni strani lahko vsebujejo vdelano vsebino (npr. videi, slike, \u010dlanki ipd.). Vdelana vsebine iz drugih spletnih strani se obna\u0161a enako, kot \u010de bi obiskovalec obiskal to drugo spletno stran.<\/p>\n<p>Te spletne strani lahko o vas zbirajo podatke, uporabljajo pi\u0161kotke, imajo vgrajeno dodatno sledenje tretjih oseb in spremljajo va\u0161o interakcijo z vdelano vsebino, vklju\u010dno s sledenjem va\u0161e interakcije z vdelano vsebino, \u010de imate ra\u010dun in ste prijavljeni v spletno stran.<\/p>\n<h2>S kom delimo podatke<\/h2>\n<p>Va\u0161ih osebnih podatkov ne delimo s podjetji, organizacijami ali posamezniki izven na\u0161ega podjetja.<\/p>\n<h2>Kako dolgo hranimo va\u0161e podatke<\/h2>\n<p>Shranjujemo tudi osebne podatke, ki jih uporabniki, registrirani na na\u0161i spletni strani (\u010de obstajajo), vnesejo v svoj uporabni\u0161ki profil. Vsi uporabniki si lahko kadar koli ogledajo, uredijo ali izbri\u0161ejo svoje osebne podatke (spremeniti ne morejo zgolj svojega uporabni\u0161kega imena). Te informacije si lahko ogledajo in uredijo tudi administratorji spletne strani.<\/p>\n<h2>Kak\u0161ne pravice imate do svojih podatkov<\/h2>\n<p>Zahtevate lahko izbris vseh osebnih podatkov, ki jih hranimo o vas. To ne vklju\u010duje podatkov, ki smo jih primorani hraniti iz administrativnih, pravnih ali varnostnih razlogov.<\/p>\n<h2>Kam po\u0161ljemo va\u0161e podatke<\/h2>\n<p>Vsi podatki so shranjeni v bazah in zbirkah na\u0161ih gostujo\u010dih stre\u017enikov, ki se nahajajo v dr\u017eavah Evropske unije.<\/p>\n<p>Va\u0161e osebne podatke shranjujemo in varujemo za \u010das va\u0161ega poslovnega razmerja z nami.<\/p>\n<h2>Spremembe politike zasebnosti<\/h2>\n<p>\u010ce bo pri\u0161lo do sprememb v politiki zasebnosti, vas bomo o tem obvestili na tej strani in ustrezno posodobili datum spremembe politike zasebnosti.<\/p>\n<p>Ta politika zasebnosti je bila nazadnje spremenjena 7. aprila 2023.<\/p>\n<h2>Kontaktni podatki<\/h2>\n<p>Z veseljem bomo sprejeli va\u0161e komentarje in predloge glede politik zasebnosti, kakor tudi druge komentarje. V stik z nami lahko stopite na: <a href=\"mailto:info@dental-bs.eu\"><strong>info@dental-bs.eu<\/strong><\/a>.<\/p>\n<\/div><\/div><\/div><\/div><\/div><\/div><\/section>\n","protected":false},"excerpt":{"rendered":"","protected":false},"author":1,"featured_media":0,"parent":0,"menu_order":4,"comment_status":"closed","ping_status":"closed","template":"","meta":{"footnotes":""},"class_list":["post-8672","page","type-page","status-publish","hentry"],"yoast_head":"<!-- This site is optimized with the Yoast SEO plugin v27.3 - https:\/\/yoast.com\/product\/yoast-seo-wordpress\/ -->\n<title>Politika zasebnosti - Renata Bogdan \u0160kvorc, dr.med.dent.<\/title>\n<meta name=\"robots\" content=\"noindex, nofollow\" \/>\n<meta property=\"og:locale\" content=\"sl_SI\" \/>\n<meta property=\"og:type\" content=\"article\" \/>\n<meta property=\"og:title\" content=\"Politika zasebnosti - Renata Bogdan \u0160kvorc, dr.med.dent.\" \/>\n<meta property=\"og:url\" content=\"https:\/\/dental-bs.eu\/sl\/politika-zasebnosti\/\" \/>\n<meta property=\"og:site_name\" content=\"Renata Bogdan \u0160kvorc, dr.med.dent.\" \/>\n<meta property=\"article:publisher\" content=\"https:\/\/www.facebook.com\/dr.renata.bogdan.skvorc\/\" \/>\n<meta property=\"article:modified_time\" content=\"2023-10-31T20:03:49+00:00\" \/>\n<meta property=\"og:image\" content=\"https:\/\/dental-bs.eu\/wp-content\/uploads\/2023\/04\/renata-bogdan-skvorc-cover.jpg\" \/>\n\t<meta property=\"og:image:width\" content=\"1200\" \/>\n\t<meta property=\"og:image:height\" content=\"630\" \/>\n\t<meta property=\"og:image:type\" content=\"image\/jpeg\" \/>\n<meta name=\"twitter:card\" content=\"summary_large_image\" \/>\n<script type=\"application\/ld+json\" class=\"yoast-schema-graph\">{\"@context\":\"https:\\\/\\\/schema.org\",\"@graph\":[{\"@type\":\"WebPage\",\"@id\":\"https:\\\/\\\/dental-bs.eu\\\/sl\\\/politika-zasebnosti\\\/\",\"url\":\"https:\\\/\\\/dental-bs.eu\\\/sl\\\/politika-zasebnosti\\\/\",\"name\":\"Politika zasebnosti - Renata Bogdan \u0160kvorc, dr.med.dent.\",\"isPartOf\":{\"@id\":\"https:\\\/\\\/dental-bs.eu\\\/sl\\\/#website\"},\"datePublished\":\"2023-02-09T17:56:57+00:00\",\"dateModified\":\"2023-10-31T20:03:49+00:00\",\"breadcrumb\":{\"@id\":\"https:\\\/\\\/dental-bs.eu\\\/sl\\\/politika-zasebnosti\\\/#breadcrumb\"},\"inLanguage\":\"sl-SI\",\"potentialAction\":[{\"@type\":\"ReadAction\",\"target\":[\"https:\\\/\\\/dental-bs.eu\\\/sl\\\/politika-zasebnosti\\\/\"]}]},{\"@type\":\"BreadcrumbList\",\"@id\":\"https:\\\/\\\/dental-bs.eu\\\/sl\\\/politika-zasebnosti\\\/#breadcrumb\",\"itemListElement\":[{\"@type\":\"ListItem\",\"position\":1,\"name\":\"Po\u010detna stranica\",\"item\":\"https:\\\/\\\/dental-bs.eu\\\/sl\\\/\"},{\"@type\":\"ListItem\",\"position\":2,\"name\":\"Politika zasebnosti\"}]},{\"@type\":\"WebSite\",\"@id\":\"https:\\\/\\\/dental-bs.eu\\\/sl\\\/#website\",\"url\":\"https:\\\/\\\/dental-bs.eu\\\/sl\\\/\",\"name\":\"Renata Bogdan \u0160kvorc, dr.med.dent.\",\"description\":\"Brinemo o Va\u0161im zubima\",\"publisher\":{\"@id\":\"https:\\\/\\\/dental-bs.eu\\\/sl\\\/#organization\"},\"potentialAction\":[{\"@type\":\"SearchAction\",\"target\":{\"@type\":\"EntryPoint\",\"urlTemplate\":\"https:\\\/\\\/dental-bs.eu\\\/sl\\\/?s={search_term_string}\"},\"query-input\":{\"@type\":\"PropertyValueSpecification\",\"valueRequired\":true,\"valueName\":\"search_term_string\"}}],\"inLanguage\":\"sl-SI\"},{\"@type\":\"Organization\",\"@id\":\"https:\\\/\\\/dental-bs.eu\\\/sl\\\/#organization\",\"name\":\"Renata Bogdan \u0160kvorc, dr.med.dent.\",\"url\":\"https:\\\/\\\/dental-bs.eu\\\/sl\\\/\",\"logo\":{\"@type\":\"ImageObject\",\"inLanguage\":\"sl-SI\",\"@id\":\"https:\\\/\\\/dental-bs.eu\\\/sl\\\/#\\\/schema\\\/logo\\\/image\\\/\",\"url\":\"https:\\\/\\\/dental-bs.eu\\\/wp-content\\\/uploads\\\/2023\\\/04\\\/favicon-1.png\",\"contentUrl\":\"https:\\\/\\\/dental-bs.eu\\\/wp-content\\\/uploads\\\/2023\\\/04\\\/favicon-1.png\",\"width\":512,\"height\":512,\"caption\":\"Renata Bogdan \u0160kvorc, dr.med.dent.\"},\"image\":{\"@id\":\"https:\\\/\\\/dental-bs.eu\\\/sl\\\/#\\\/schema\\\/logo\\\/image\\\/\"},\"sameAs\":[\"https:\\\/\\\/www.facebook.com\\\/dr.renata.bogdan.skvorc\\\/\"]}]}<\/script>\n<!-- \/ Yoast SEO plugin. -->","yoast_head_json":{"title":"Politika zasebnosti - Renata Bogdan \u0160kvorc, dr.med.dent.","robots":{"index":"noindex","follow":"nofollow"},"og_locale":"sl_SI","og_type":"article","og_title":"Politika zasebnosti - Renata Bogdan \u0160kvorc, dr.med.dent.","og_url":"https:\/\/dental-bs.eu\/sl\/politika-zasebnosti\/","og_site_name":"Renata Bogdan \u0160kvorc, dr.med.dent.","article_publisher":"https:\/\/www.facebook.com\/dr.renata.bogdan.skvorc\/","article_modified_time":"2023-10-31T20:03:49+00:00","og_image":[{"width":1200,"height":630,"url":"https:\/\/dental-bs.eu\/wp-content\/uploads\/2023\/04\/renata-bogdan-skvorc-cover.jpg","type":"image\/jpeg"}],"twitter_card":"summary_large_image","schema":{"@context":"https:\/\/schema.org","@graph":[{"@type":"WebPage","@id":"https:\/\/dental-bs.eu\/sl\/politika-zasebnosti\/","url":"https:\/\/dental-bs.eu\/sl\/politika-zasebnosti\/","name":"Politika zasebnosti - Renata Bogdan \u0160kvorc, dr.med.dent.","isPartOf":{"@id":"https:\/\/dental-bs.eu\/sl\/#website"},"datePublished":"2023-02-09T17:56:57+00:00","dateModified":"2023-10-31T20:03:49+00:00","breadcrumb":{"@id":"https:\/\/dental-bs.eu\/sl\/politika-zasebnosti\/#breadcrumb"},"inLanguage":"sl-SI","potentialAction":[{"@type":"ReadAction","target":["https:\/\/dental-bs.eu\/sl\/politika-zasebnosti\/"]}]},{"@type":"BreadcrumbList","@id":"https:\/\/dental-bs.eu\/sl\/politika-zasebnosti\/#breadcrumb","itemListElement":[{"@type":"ListItem","position":1,"name":"Po\u010detna stranica","item":"https:\/\/dental-bs.eu\/sl\/"},{"@type":"ListItem","position":2,"name":"Politika zasebnosti"}]},{"@type":"WebSite","@id":"https:\/\/dental-bs.eu\/sl\/#website","url":"https:\/\/dental-bs.eu\/sl\/","name":"Renata Bogdan \u0160kvorc, dr.med.dent.","description":"Brinemo o Va\u0161im zubima","publisher":{"@id":"https:\/\/dental-bs.eu\/sl\/#organization"},"potentialAction":[{"@type":"SearchAction","target":{"@type":"EntryPoint","urlTemplate":"https:\/\/dental-bs.eu\/sl\/?s={search_term_string}"},"query-input":{"@type":"PropertyValueSpecification","valueRequired":true,"valueName":"search_term_string"}}],"inLanguage":"sl-SI"},{"@type":"Organization","@id":"https:\/\/dental-bs.eu\/sl\/#organization","name":"Renata Bogdan \u0160kvorc, dr.med.dent.","url":"https:\/\/dental-bs.eu\/sl\/","logo":{"@type":"ImageObject","inLanguage":"sl-SI","@id":"https:\/\/dental-bs.eu\/sl\/#\/schema\/logo\/image\/","url":"https:\/\/dental-bs.eu\/wp-content\/uploads\/2023\/04\/favicon-1.png","contentUrl":"https:\/\/dental-bs.eu\/wp-content\/uploads\/2023\/04\/favicon-1.png","width":512,"height":512,"caption":"Renata Bogdan \u0160kvorc, dr.med.dent."},"image":{"@id":"https:\/\/dental-bs.eu\/sl\/#\/schema\/logo\/image\/"},"sameAs":["https:\/\/www.facebook.com\/dr.renata.bogdan.skvorc\/"]}]}},"_links":{"self":[{"href":"https:\/\/dental-bs.eu\/sl\/wp-json\/wp\/v2\/pages\/8672","targetHints":{"allow":["GET"]}}],"collection":[{"href":"https:\/\/dental-bs.eu\/sl\/wp-json\/wp\/v2\/pages"}],"about":[{"href":"https:\/\/dental-bs.eu\/sl\/wp-json\/wp\/v2\/types\/page"}],"author":[{"embeddable":true,"href":"https:\/\/dental-bs.eu\/sl\/wp-json\/wp\/v2\/users\/1"}],"replies":[{"embeddable":true,"href":"https:\/\/dental-bs.eu\/sl\/wp-json\/wp\/v2\/comments?post=8672"}],"version-history":[{"count":2,"href":"https:\/\/dental-bs.eu\/sl\/wp-json\/wp\/v2\/pages\/8672\/revisions"}],"predecessor-version":[{"id":8674,"href":"https:\/\/dental-bs.eu\/sl\/wp-json\/wp\/v2\/pages\/8672\/revisions\/8674"}],"wp:attachment":[{"href":"https:\/\/dental-bs.eu\/sl\/wp-json\/wp\/v2\/media?parent=8672"}],"curies":[{"name":"wp","href":"https:\/\/api.w.org\/{rel}","templated":true}]}}