{"id":8683,"date":"2019-05-10T14:40:15","date_gmt":"2019-05-10T12:40:15","guid":{"rendered":"https:\/\/dental-bs.eu\/home\/"},"modified":"2023-10-31T22:06:28","modified_gmt":"2023-10-31T21:06:28","slug":"home","status":"publish","type":"page","link":"https:\/\/dental-bs.eu\/sl\/","title":{"rendered":"Naslovnica"},"content":{"rendered":"<section class=\"l-section wpb_row us_custom_a9be633b jc-home-hero height_medium color_primary with_img with_shape\"><div class=\"l-section-img\" role=\"img\" aria-label=\"Slika\" data-img-width=\"1920\" data-img-height=\"600\" style=\"background-image: url(https:\/\/dental-bs.eu\/wp-content\/uploads\/2023\/04\/slider_03-1.jpg);background-position: top center;\"><\/div><div class=\"l-section-overlay\" style=\"background:rgba(26,26,26,0.50)\"><\/div><div class=\"l-section-shape type_wave pos_bottom hor_flip\" style=\"height:4vmin;color:var(--color-alt-content-bg)\"><svg xmlns=\"http:\/\/www.w3.org\/2000\/svg\" viewBox=\"0 4 64 4\" preserveAspectRatio=\"none\" width=\"100%\" height=\"100%\">\r\n\t<path fill=\"currentColor\" d=\"M64 6 C32 0 32 12 0 6 L0 8 L64 8 Z\"\/>\r\n<\/svg><\/div><div class=\"l-section-h i-cf\"><div class=\"g-cols vc_row via_grid cols_1 laptops-cols_inherit tablets-cols_inherit mobiles-cols_1 valign_top type_default stacking_default\"><div class=\"wpb_column vc_column_container jc-home-hero-txt\"><div class=\"vc_column-inner\"><div class=\"g-cols wpb_row us_custom_fca8cc99 via_grid cols_5 laptops-cols_inherit tablets-cols_1 mobiles-cols_1 valign_bottom type_default stacking_default\" style=\"--columns-gap:20px;\"><div class=\"wpb_column vc_column_container us_custom_c20baae1\"><div class=\"vc_column-inner\"><h1 class=\"w-text jc-home-hero-naslov\"><span class=\"w-text-h\"><span class=\"w-text-value\">Spo\u0161tovani pacienti!<\/span><\/span><\/h1><div class=\"wpb_text_column jc-home-hero-tekst\"><div class=\"wpb_wrapper\"><p>Zobozdravstvena ambulanta dr. dent.med. <strong>Renate Bogdan \u0160kvorc<\/strong> se nahaja na naslovu <strong>Ple\u0161kovec 30A, Lopatinec<\/strong> &#8211; nasproti cerkve &#8220;Sveti Juraj na Bregu&#8221;, 7 km od \u010cakovca, 25 km od Ljutomera (Slovenija).<\/p>\n<p><strong>Delovni \u010das:<\/strong><br \/>Parni datumi \u2013 13:00 \u2013 20:30<br \/>Neparni datumi \u2013 7:00 \u2013 14:30<br \/>Delovna sobota \u2013 8:00 \u2013 13:00 (neparni datumi)<\/p>\n<\/div><\/div><div class=\"w-separator size_small\"><\/div><div class=\"w-btn-wrapper align_left\"><a class=\"w-btn us-btn-style_4 us_custom_04bac797 icon_atright\" href=\"#kontakt\"><span class=\"w-btn-label\">Kontaktirajte nas<\/span><i class=\"fas fa-chevron-down\"><\/i><\/a><\/div><div class=\"w-separator size_small\"><\/div><\/div><\/div><div class=\"wpb_column vc_column_container us_custom_75bf4b33\"><div class=\"vc_column-inner\"><\/div><\/div><\/div><\/div><\/div><\/div><\/div><\/section><section class=\"l-section wpb_row us_custom_c945c7ed height_custom\"><div class=\"l-section-h i-cf\"><div class=\"g-cols vc_row via_grid cols_1 laptops-cols_inherit tablets-cols_inherit mobiles-cols_1 valign_top type_default stacking_default\"><div class=\"wpb_column vc_column_container\"><div class=\"vc_column-inner\"><div class=\"g-cols wpb_row jc-about-home via_grid cols_2-3 laptops-cols_inherit tablets-cols_1 mobiles-cols_1 valign_middle type_default stacking_default\" style=\"--columns-gap:1.5rem;\"><div class=\"wpb_column vc_column_container us_custom_48162f1a hide_on_mobiles has_bg_color\"><div class=\"vc_column-inner\"><\/div><\/div><div class=\"wpb_column vc_column_container jc-about-right-content\"><div class=\"vc_column-inner\"><div class=\"w-text us_custom_748ae418 has_text_color\"><span class=\"w-text-h\"><span class=\"w-text-value\">dr.med.dent.<\/span><\/span><\/div><h2 class=\"w-text us_custom_df5f4c97 has_text_color\"><span class=\"w-text-h\"><span class=\"w-text-value\">Renata Bogdan \u0160kvorc<\/span><\/span><\/h2><div class=\"wpb_text_column\"><div class=\"wpb_wrapper\"><p><img decoding=\"async\" class=\"jc-renata-img-mobile hide_on_default hide_on_laptops hide_on_tablets alignleft wp-image-8393 size-thumbnail\" src=\"https:\/\/dental-bs.eu\/wp-content\/uploads\/2023\/04\/renata-33-150x150.jpg\" alt=\"\" width=\"150\" height=\"150\" \/>Po kon\u010dani naravoslovno-matemati\u010dni gimnaziji v \u010cakovcu se je vpisala na Fakulteto za stomatologijo Univerze v Zagrebu, kjer je diplomirala leta 2017.<\/p>\n<p>Po zaklju\u010dku \u0161tudija je 4 leta delala v Zobni kliniki Vinica (Galekovi\u0107), kjer se je strokovno izpopolnjevala. Nato je eno leto opravljala delo v ambulanti, ki ima pogodbo s HZZO dr. Nene Je\u0111ud. V zadnjem letu pa je zaposlena v zdravstveni ustanovi MedialisPlus.<\/p>\n<p>Redno se udele\u017euje doma\u010dih in tujih seminarjev, predvsem s podro\u010dja restavrativnega zobozdravstva in zobne protetike.<\/p>\n<\/div><\/div><\/div><\/div><\/div><\/div><\/div><\/div><\/div><\/section>\n","protected":false},"excerpt":{"rendered":"","protected":false},"author":1,"featured_media":8622,"parent":0,"menu_order":1,"comment_status":"closed","ping_status":"closed","template":"","meta":{"footnotes":""},"class_list":["post-8683","page","type-page","status-publish","has-post-thumbnail","hentry"],"yoast_head":"<!-- This site is optimized with the Yoast SEO plugin v27.3 - https:\/\/yoast.com\/product\/yoast-seo-wordpress\/ -->\n<title>Renata Bogdan \u0160kvorc, dr.med.dent.<\/title>\n<meta name=\"description\" content=\"Zobozdravstvena ambulanta dr. dent.med. Renate Bogdan \u0160kvorc se nahaja na naslovu Ple\u0161kovec 30A, Lopatinec - nasproti cerkve &quot;Sveti Juraj na Bregu&quot;, 7 km od \u010cakovca, 25 km od Ljutomera (Slovenija).\" \/>\n<meta name=\"robots\" content=\"index, follow, max-snippet:-1, max-image-preview:large, max-video-preview:-1\" \/>\n<link rel=\"canonical\" href=\"https:\/\/dental-bs.eu\/sl\/\" \/>\n<meta property=\"og:locale\" content=\"sl_SI\" \/>\n<meta property=\"og:type\" content=\"article\" \/>\n<meta property=\"og:title\" content=\"Renata Bogdan \u0160kvorc, dr.med.dent.\" \/>\n<meta property=\"og:description\" content=\"Zobozdravstvena ambulanta dr. dent.med. Renate Bogdan \u0160kvorc se nahaja na naslovu Ple\u0161kovec 30A, Lopatinec - nasproti cerkve &quot;Sveti Juraj na Bregu&quot;, 7 km od \u010cakovca, 25 km od Ljutomera (Slovenija).\" \/>\n<meta property=\"og:url\" content=\"https:\/\/dental-bs.eu\/sl\/\" \/>\n<meta property=\"og:site_name\" content=\"Renata Bogdan \u0160kvorc, dr.med.dent.\" \/>\n<meta property=\"article:publisher\" content=\"https:\/\/www.facebook.com\/dr.renata.bogdan.skvorc\/\" \/>\n<meta property=\"article:modified_time\" content=\"2023-10-31T21:06:28+00:00\" \/>\n<meta property=\"og:image\" content=\"https:\/\/dental-bs.eu\/wp-content\/uploads\/2023\/04\/renata-33.jpg\" \/>\n\t<meta property=\"og:image:width\" content=\"1200\" \/>\n\t<meta property=\"og:image:height\" content=\"960\" \/>\n\t<meta property=\"og:image:type\" content=\"image\/jpeg\" \/>\n<meta name=\"twitter:card\" content=\"summary_large_image\" \/>\n<script type=\"application\/ld+json\" class=\"yoast-schema-graph\">{\"@context\":\"https:\\\/\\\/schema.org\",\"@graph\":[{\"@type\":\"WebPage\",\"@id\":\"https:\\\/\\\/dental-bs.eu\\\/sl\\\/\",\"url\":\"https:\\\/\\\/dental-bs.eu\\\/sl\\\/\",\"name\":\"Renata Bogdan \u0160kvorc, dr.med.dent.\",\"isPartOf\":{\"@id\":\"https:\\\/\\\/dental-bs.eu\\\/sl\\\/#website\"},\"primaryImageOfPage\":{\"@id\":\"https:\\\/\\\/dental-bs.eu\\\/sl\\\/#primaryimage\"},\"image\":{\"@id\":\"https:\\\/\\\/dental-bs.eu\\\/sl\\\/#primaryimage\"},\"thumbnailUrl\":\"https:\\\/\\\/dental-bs.eu\\\/wp-content\\\/uploads\\\/2023\\\/04\\\/renata-33.jpg\",\"datePublished\":\"2019-05-10T12:40:15+00:00\",\"dateModified\":\"2023-10-31T21:06:28+00:00\",\"description\":\"Zobozdravstvena ambulanta dr. dent.med. Renate Bogdan \u0160kvorc se nahaja na naslovu Ple\u0161kovec 30A, Lopatinec - nasproti cerkve \\\"Sveti Juraj na Bregu\\\", 7 km od \u010cakovca, 25 km od Ljutomera (Slovenija).\",\"breadcrumb\":{\"@id\":\"https:\\\/\\\/dental-bs.eu\\\/sl\\\/#breadcrumb\"},\"inLanguage\":\"sl-SI\",\"potentialAction\":[{\"@type\":\"ReadAction\",\"target\":[\"https:\\\/\\\/dental-bs.eu\\\/sl\\\/\"]}]},{\"@type\":\"ImageObject\",\"inLanguage\":\"sl-SI\",\"@id\":\"https:\\\/\\\/dental-bs.eu\\\/sl\\\/#primaryimage\",\"url\":\"https:\\\/\\\/dental-bs.eu\\\/wp-content\\\/uploads\\\/2023\\\/04\\\/renata-33.jpg\",\"contentUrl\":\"https:\\\/\\\/dental-bs.eu\\\/wp-content\\\/uploads\\\/2023\\\/04\\\/renata-33.jpg\",\"width\":1200,\"height\":960},{\"@type\":\"BreadcrumbList\",\"@id\":\"https:\\\/\\\/dental-bs.eu\\\/sl\\\/#breadcrumb\",\"itemListElement\":[{\"@type\":\"ListItem\",\"position\":1,\"name\":\"Po\u010detna stranica\",\"item\":\"https:\\\/\\\/dental-bs.eu\\\/sl\\\/\"},{\"@type\":\"ListItem\",\"position\":2,\"name\":\"Naslovnica\"}]},{\"@type\":\"WebSite\",\"@id\":\"https:\\\/\\\/dental-bs.eu\\\/sl\\\/#website\",\"url\":\"https:\\\/\\\/dental-bs.eu\\\/sl\\\/\",\"name\":\"Renata Bogdan \u0160kvorc, dr.med.dent.\",\"description\":\"Brinemo o Va\u0161im zubima\",\"publisher\":{\"@id\":\"https:\\\/\\\/dental-bs.eu\\\/sl\\\/#organization\"},\"potentialAction\":[{\"@type\":\"SearchAction\",\"target\":{\"@type\":\"EntryPoint\",\"urlTemplate\":\"https:\\\/\\\/dental-bs.eu\\\/sl\\\/?s={search_term_string}\"},\"query-input\":{\"@type\":\"PropertyValueSpecification\",\"valueRequired\":true,\"valueName\":\"search_term_string\"}}],\"inLanguage\":\"sl-SI\"},{\"@type\":\"Organization\",\"@id\":\"https:\\\/\\\/dental-bs.eu\\\/sl\\\/#organization\",\"name\":\"Renata Bogdan \u0160kvorc, dr.med.dent.\",\"url\":\"https:\\\/\\\/dental-bs.eu\\\/sl\\\/\",\"logo\":{\"@type\":\"ImageObject\",\"inLanguage\":\"sl-SI\",\"@id\":\"https:\\\/\\\/dental-bs.eu\\\/sl\\\/#\\\/schema\\\/logo\\\/image\\\/\",\"url\":\"https:\\\/\\\/dental-bs.eu\\\/wp-content\\\/uploads\\\/2023\\\/04\\\/favicon-1.png\",\"contentUrl\":\"https:\\\/\\\/dental-bs.eu\\\/wp-content\\\/uploads\\\/2023\\\/04\\\/favicon-1.png\",\"width\":512,\"height\":512,\"caption\":\"Renata Bogdan \u0160kvorc, dr.med.dent.\"},\"image\":{\"@id\":\"https:\\\/\\\/dental-bs.eu\\\/sl\\\/#\\\/schema\\\/logo\\\/image\\\/\"},\"sameAs\":[\"https:\\\/\\\/www.facebook.com\\\/dr.renata.bogdan.skvorc\\\/\"]}]}<\/script>\n<!-- \/ Yoast SEO plugin. -->","yoast_head_json":{"title":"Renata Bogdan \u0160kvorc, dr.med.dent.","description":"Zobozdravstvena ambulanta dr. dent.med. Renate Bogdan \u0160kvorc se nahaja na naslovu Ple\u0161kovec 30A, Lopatinec - nasproti cerkve \"Sveti Juraj na Bregu\", 7 km od \u010cakovca, 25 km od Ljutomera (Slovenija).","robots":{"index":"index","follow":"follow","max-snippet":"max-snippet:-1","max-image-preview":"max-image-preview:large","max-video-preview":"max-video-preview:-1"},"canonical":"https:\/\/dental-bs.eu\/sl\/","og_locale":"sl_SI","og_type":"article","og_title":"Renata Bogdan \u0160kvorc, dr.med.dent.","og_description":"Zobozdravstvena ambulanta dr. dent.med. Renate Bogdan \u0160kvorc se nahaja na naslovu Ple\u0161kovec 30A, Lopatinec - nasproti cerkve \"Sveti Juraj na Bregu\", 7 km od \u010cakovca, 25 km od Ljutomera (Slovenija).","og_url":"https:\/\/dental-bs.eu\/sl\/","og_site_name":"Renata Bogdan \u0160kvorc, dr.med.dent.","article_publisher":"https:\/\/www.facebook.com\/dr.renata.bogdan.skvorc\/","article_modified_time":"2023-10-31T21:06:28+00:00","og_image":[{"width":1200,"height":960,"url":"https:\/\/dental-bs.eu\/wp-content\/uploads\/2023\/04\/renata-33.jpg","type":"image\/jpeg"}],"twitter_card":"summary_large_image","schema":{"@context":"https:\/\/schema.org","@graph":[{"@type":"WebPage","@id":"https:\/\/dental-bs.eu\/sl\/","url":"https:\/\/dental-bs.eu\/sl\/","name":"Renata Bogdan \u0160kvorc, dr.med.dent.","isPartOf":{"@id":"https:\/\/dental-bs.eu\/sl\/#website"},"primaryImageOfPage":{"@id":"https:\/\/dental-bs.eu\/sl\/#primaryimage"},"image":{"@id":"https:\/\/dental-bs.eu\/sl\/#primaryimage"},"thumbnailUrl":"https:\/\/dental-bs.eu\/wp-content\/uploads\/2023\/04\/renata-33.jpg","datePublished":"2019-05-10T12:40:15+00:00","dateModified":"2023-10-31T21:06:28+00:00","description":"Zobozdravstvena ambulanta dr. dent.med. Renate Bogdan \u0160kvorc se nahaja na naslovu Ple\u0161kovec 30A, Lopatinec - nasproti cerkve \"Sveti Juraj na Bregu\", 7 km od \u010cakovca, 25 km od Ljutomera (Slovenija).","breadcrumb":{"@id":"https:\/\/dental-bs.eu\/sl\/#breadcrumb"},"inLanguage":"sl-SI","potentialAction":[{"@type":"ReadAction","target":["https:\/\/dental-bs.eu\/sl\/"]}]},{"@type":"ImageObject","inLanguage":"sl-SI","@id":"https:\/\/dental-bs.eu\/sl\/#primaryimage","url":"https:\/\/dental-bs.eu\/wp-content\/uploads\/2023\/04\/renata-33.jpg","contentUrl":"https:\/\/dental-bs.eu\/wp-content\/uploads\/2023\/04\/renata-33.jpg","width":1200,"height":960},{"@type":"BreadcrumbList","@id":"https:\/\/dental-bs.eu\/sl\/#breadcrumb","itemListElement":[{"@type":"ListItem","position":1,"name":"Po\u010detna stranica","item":"https:\/\/dental-bs.eu\/sl\/"},{"@type":"ListItem","position":2,"name":"Naslovnica"}]},{"@type":"WebSite","@id":"https:\/\/dental-bs.eu\/sl\/#website","url":"https:\/\/dental-bs.eu\/sl\/","name":"Renata Bogdan \u0160kvorc, dr.med.dent.","description":"Brinemo o Va\u0161im zubima","publisher":{"@id":"https:\/\/dental-bs.eu\/sl\/#organization"},"potentialAction":[{"@type":"SearchAction","target":{"@type":"EntryPoint","urlTemplate":"https:\/\/dental-bs.eu\/sl\/?s={search_term_string}"},"query-input":{"@type":"PropertyValueSpecification","valueRequired":true,"valueName":"search_term_string"}}],"inLanguage":"sl-SI"},{"@type":"Organization","@id":"https:\/\/dental-bs.eu\/sl\/#organization","name":"Renata Bogdan \u0160kvorc, dr.med.dent.","url":"https:\/\/dental-bs.eu\/sl\/","logo":{"@type":"ImageObject","inLanguage":"sl-SI","@id":"https:\/\/dental-bs.eu\/sl\/#\/schema\/logo\/image\/","url":"https:\/\/dental-bs.eu\/wp-content\/uploads\/2023\/04\/favicon-1.png","contentUrl":"https:\/\/dental-bs.eu\/wp-content\/uploads\/2023\/04\/favicon-1.png","width":512,"height":512,"caption":"Renata Bogdan \u0160kvorc, dr.med.dent."},"image":{"@id":"https:\/\/dental-bs.eu\/sl\/#\/schema\/logo\/image\/"},"sameAs":["https:\/\/www.facebook.com\/dr.renata.bogdan.skvorc\/"]}]}},"_links":{"self":[{"href":"https:\/\/dental-bs.eu\/sl\/wp-json\/wp\/v2\/pages\/8683","targetHints":{"allow":["GET"]}}],"collection":[{"href":"https:\/\/dental-bs.eu\/sl\/wp-json\/wp\/v2\/pages"}],"about":[{"href":"https:\/\/dental-bs.eu\/sl\/wp-json\/wp\/v2\/types\/page"}],"author":[{"embeddable":true,"href":"https:\/\/dental-bs.eu\/sl\/wp-json\/wp\/v2\/users\/1"}],"replies":[{"embeddable":true,"href":"https:\/\/dental-bs.eu\/sl\/wp-json\/wp\/v2\/comments?post=8683"}],"version-history":[{"count":2,"href":"https:\/\/dental-bs.eu\/sl\/wp-json\/wp\/v2\/pages\/8683\/revisions"}],"predecessor-version":[{"id":8694,"href":"https:\/\/dental-bs.eu\/sl\/wp-json\/wp\/v2\/pages\/8683\/revisions\/8694"}],"wp:featuredmedia":[{"embeddable":true,"href":"https:\/\/dental-bs.eu\/sl\/wp-json\/wp\/v2\/media\/8622"}],"wp:attachment":[{"href":"https:\/\/dental-bs.eu\/sl\/wp-json\/wp\/v2\/media?parent=8683"}],"curies":[{"name":"wp","href":"https:\/\/api.w.org\/{rel}","templated":true}]}}