{"id":8707,"date":"2023-09-08T12:08:08","date_gmt":"2023-09-08T10:08:08","guid":{"rendered":"https:\/\/dental-bs.eu\/usluge\/"},"modified":"2023-10-31T22:47:33","modified_gmt":"2023-10-31T21:47:33","slug":"storitve","status":"publish","type":"page","link":"https:\/\/dental-bs.eu\/sl\/storitve\/","title":{"rendered":"Storitve"},"content":{"rendered":"<section class=\"l-section wpb_row height_auto width_custom color_primary with_shape\" style=\"--site-content-width:800px;\"><div class=\"l-section-overlay\" style=\"background:linear-gradient(to right,#32b6a1,#188897)\"><\/div><div class=\"l-section-shape type_wave pos_bottom hor_flip\" style=\"height:4vmin;\"><svg xmlns=\"http:\/\/www.w3.org\/2000\/svg\" viewBox=\"0 4 64 4\" preserveAspectRatio=\"none\" width=\"100%\" height=\"100%\">\r\n\t<path fill=\"currentColor\" d=\"M64 6 C32 0 32 12 0 6 L0 8 L64 8 Z\"\/>\r\n<\/svg><\/div><div class=\"l-section-h i-cf\"><div class=\"g-cols vc_row via_grid cols_1 laptops-cols_inherit tablets-cols_inherit mobiles-cols_1 valign_top type_default stacking_default\"><div class=\"wpb_column vc_column_container\"><div class=\"vc_column-inner\"><div class=\"w-separator size_small\"><\/div><h1 class=\"w-text us_custom_eb849559\"><span class=\"w-text-h\"><span class=\"w-text-value\">Storitve<\/span><\/span><\/h1><div class=\"w-separator size_small\"><\/div><\/div><\/div><\/div><\/div><\/section><section class=\"l-section wpb_row height_small\"><div class=\"l-section-h i-cf\"><div class=\"g-cols vc_row via_grid cols_1 laptops-cols_inherit tablets-cols_inherit mobiles-cols_1 valign_top type_default stacking_default\"><div class=\"wpb_column vc_column_container\"><div class=\"vc_column-inner\"><div class=\"w-separator size_small\"><\/div><div class=\"g-cols wpb_row via_grid cols_2-3 laptops-cols_inherit tablets-cols_inherit mobiles-cols_1 valign_top type_default reversed stacking_default\" style=\"--columns-gap:3.5vw;\"><div class=\"wpb_column vc_column_container type_sticky\"><div class=\"vc_column-inner\"><div class=\"w-image us_custom_9cf479d2 style_shadow-2 align_none\"><div class=\"w-image-h\"><div class=\"w-image-shadow\" style=\"background-image:url(https:\/\/dental-bs.eu\/wp-content\/uploads\/2023\/09\/fiksna-protetika-1024x570.jpg);\"><\/div><img decoding=\"async\" width=\"1024\" height=\"570\" src=\"https:\/\/dental-bs.eu\/wp-content\/uploads\/2023\/09\/fiksna-protetika-1024x570.jpg\" class=\"attachment-large size-large\" alt=\"\" loading=\"lazy\" srcset=\"https:\/\/dental-bs.eu\/wp-content\/uploads\/2023\/09\/fiksna-protetika-1024x570.jpg 1024w, https:\/\/dental-bs.eu\/wp-content\/uploads\/2023\/09\/fiksna-protetika-300x167.jpg 300w, https:\/\/dental-bs.eu\/wp-content\/uploads\/2023\/09\/fiksna-protetika.jpg 1200w\" sizes=\"auto, (max-width: 1024px) 100vw, 1024px\" \/><\/div><\/div><\/div><\/div><div class=\"wpb_column vc_column_container\"><div class=\"vc_column-inner\"><div class=\"wpb_text_column us_custom_d98eb4eb\"><div class=\"wpb_wrapper\"><h3>FIKSNA PROTETIKA<\/h3>\n<p>V fiksno protetiko spadajo vse storitve, pri katerih so rekonstrukcije trajno pritrjene na zobe ali zobne vsadke in jih ni potrebno odstraniti.<\/p>\n<ul>\n<li>KRONICE IN MOSTOVI (kovinska keramika)<\/li>\n<li>KRONICE IN MOSTOVI (brez kovinske keramike)<\/li>\n<li>NADGRADNJE<\/li>\n<\/ul>\n<\/div><\/div><\/div><\/div><\/div><div class=\"w-separator size_large\"><\/div><div class=\"g-cols wpb_row via_grid cols_3-2 laptops-cols_inherit tablets-cols_inherit mobiles-cols_1 valign_top type_default stacking_default\" style=\"--columns-gap:3.5vw;\"><div class=\"wpb_column vc_column_container\"><div class=\"vc_column-inner\"><div class=\"wpb_text_column us_custom_b818dcba\"><div class=\"wpb_wrapper\"><h3>MOBILNA PROTETIKA<\/h3>\n<p>Mobilna protetika obsega rekonstrukcije, ki jih vsakodnevno odstranjujemo iz ust. Zobne proteze se vgrajujejo v primerih delne ali popolne izgube zob.<\/p>\n<ul>\n<li>POPOLNE PROTEZE IZ AKRILATA<\/li>\n<li>DELNE PROTEZE<\/li>\n<li>POPRAVILO PROTEZ<\/li>\n<li>PRILAGAJANJE PROTEZ<\/li>\n<\/ul>\n<\/div><\/div><\/div><\/div><div class=\"wpb_column vc_column_container type_sticky\"><div class=\"vc_column-inner\"><div class=\"w-image us_custom_9cf479d2 style_shadow-2 has_ratio align_none\"><div class=\"w-image-h\"><div style=\"padding-bottom:66.6667%\"><\/div><div class=\"w-image-shadow\" style=\"background-image:url(https:\/\/dental-bs.eu\/wp-content\/uploads\/2023\/09\/mobilna-protetika-1024x683.jpg);\"><\/div><img decoding=\"async\" width=\"1024\" height=\"683\" src=\"https:\/\/dental-bs.eu\/wp-content\/uploads\/2023\/09\/mobilna-protetika-1024x683.jpg\" class=\"attachment-large size-large\" alt=\"\" loading=\"lazy\" \/><\/div><\/div><\/div><\/div><\/div><div class=\"w-separator size_large\"><\/div><div class=\"g-cols wpb_row via_grid cols_2-3 laptops-cols_inherit tablets-cols_inherit mobiles-cols_1 valign_top type_default reversed stacking_default\" style=\"--columns-gap:3.5vw;\"><div class=\"wpb_column vc_column_container type_sticky\"><div class=\"vc_column-inner\"><div class=\"w-image us_custom_9cf479d2 style_shadow-2 has_ratio align_none\"><div class=\"w-image-h\"><div style=\"padding-bottom:66.6667%\"><\/div><div class=\"w-image-shadow\" style=\"background-image:url(https:\/\/dental-bs.eu\/wp-content\/uploads\/2023\/09\/endodoncija-1024x683.jpg);\"><\/div><img decoding=\"async\" width=\"1024\" height=\"683\" src=\"https:\/\/dental-bs.eu\/wp-content\/uploads\/2023\/09\/endodoncija-1024x683.jpg\" class=\"attachment-large size-large\" alt=\"\" loading=\"lazy\" \/><\/div><\/div><\/div><\/div><div class=\"wpb_column vc_column_container\"><div class=\"vc_column-inner\"><div class=\"wpb_text_column us_custom_d98eb4eb\"><div class=\"wpb_wrapper\"><h3>SPLO\u0160NA ZOBOZDRAVSTVENA OSKRBA<\/h3>\n<p><strong>STROJNA ENDODONCIJA<\/strong><\/p>\n<p><strong>Endodoncija<\/strong>, ki se nana\u0161a na odstranitev zobnega \u017eivca in zdravljenje notranjosti zoba, je podro\u010dje zobozdravstva, ki se ukvarja z <strong>zdravljenjem patolo\u0161kih procesov zobne pulpe<\/strong>. Zobozdravstveni poseg za zdravljenje zoba zahteva izjemno natan\u010dnost. V na\u0161i ordinaciji se endodoncija izvaja strojno in z lokalno anestezijo, kar omogo\u010da hitro in nebole\u010de zdravljenje. Glavni simptom vnetja pulpe je bole\u010dina, ki se pojavi ob stiku z mrazom, toploto, sladkimi \u017eivili ali spontano. Bole\u010dina se lahko pojavi in izgine ali je nenehna ter pulzirajo\u010da. \u010ce se vnetje iz koreninskega kanala raz\u0161iri na okoli\u0161ko periapikalno kost, se lahko pojavi bole\u010dina ob grizenju in oteklina. Vnetje pulpe pa lahko poteka tudi brez simptomov, pri \u010demer je edini znak sprememba barve zobne krone in kroni\u010dni proces, ki se pogosto odkrije kot naklju\u010dna najdba na rentgenskem posnetku.<\/p>\n<ul>\n<li>ZOBNE PLOMBE<\/li>\n<li>POPRAVILA PRETEKLIH ZOBOZDRAVSTVENIH POSEGOV<\/li>\n<li>PULJENJE ZOB<\/li>\n<\/ul>\n<\/div><\/div><\/div><\/div><\/div><div class=\"w-separator size_large\"><\/div><div class=\"g-cols wpb_row via_grid cols_3-2 laptops-cols_inherit tablets-cols_inherit mobiles-cols_1 valign_top type_default stacking_default\" style=\"--columns-gap:3.5vw;\"><div class=\"wpb_column vc_column_container\"><div class=\"vc_column-inner\"><div class=\"wpb_text_column us_custom_b818dcba\"><div class=\"wpb_wrapper\"><h3>ESTETSKO ZOBOZDRAVSTVO<\/h3>\n<p>V estetskem zobozdravstvu izvajamo postopke, ki izbolj\u0161ujejo estetiko zob:<\/p>\n<ul>\n<li>ESTETSKE PLOMBE<\/li>\n<li>BELJENJE ZOB<\/li>\n<li>PESKANJE ZOB<\/li>\n<li>ODSTRANJEVANJE ZOBNEGA KAMNA<\/li>\n<li>ZOBNI NAKIT<\/li>\n<\/ul>\n<\/div><\/div><\/div><\/div><div class=\"wpb_column vc_column_container type_sticky\"><div class=\"vc_column-inner\"><div class=\"w-image us_custom_9cf479d2 style_shadow-2 has_ratio align_none\"><div class=\"w-image-h\"><div style=\"padding-bottom:66.6667%\"><\/div><div class=\"w-image-shadow\" style=\"background-image:url(https:\/\/dental-bs.eu\/wp-content\/uploads\/2023\/09\/izbjeljivanje-zubiju-1024x683.jpg);\"><\/div><img decoding=\"async\" width=\"1024\" height=\"683\" src=\"https:\/\/dental-bs.eu\/wp-content\/uploads\/2023\/09\/izbjeljivanje-zubiju-1024x683.jpg\" class=\"attachment-large size-large\" alt=\"\" loading=\"lazy\" \/><\/div><\/div><\/div><\/div><\/div><div class=\"w-separator size_large\"><\/div><div class=\"g-cols wpb_row via_grid cols_2-3 laptops-cols_inherit tablets-cols_inherit mobiles-cols_1 valign_top type_default reversed stacking_default\" style=\"--columns-gap:3.5vw;\"><div class=\"wpb_column vc_column_container type_sticky\"><div class=\"vc_column-inner\"><div class=\"w-image us_custom_9cf479d2 style_shadow-2 has_ratio align_none\"><div class=\"w-image-h\"><div style=\"padding-bottom:66.6667%\"><\/div><div class=\"w-image-shadow\" style=\"background-image:url(https:\/\/dental-bs.eu\/wp-content\/uploads\/2023\/09\/paradontologija-1024x683.jpg);\"><\/div><img decoding=\"async\" width=\"1024\" height=\"683\" src=\"https:\/\/dental-bs.eu\/wp-content\/uploads\/2023\/09\/paradontologija-1024x683.jpg\" class=\"attachment-large size-large\" alt=\"\" loading=\"lazy\" \/><\/div><\/div><\/div><\/div><div class=\"wpb_column vc_column_container\"><div class=\"vc_column-inner\"><div class=\"wpb_text_column us_custom_d98eb4eb\"><div class=\"wpb_wrapper\"><h3>PARODONTOLOGIJA<\/h3>\n<p>Parodontologija je podro\u010dje zobozdravstva, ki se ukvarja z zdravljenjem podpornih struktur zob.<\/p>\n<p>\u010ce opazite dolo\u010dene simptome bolezni na zobeh in dlesni, kot so rde\u010dina, krvavitev in gibljivi zobje, je \u010das, da se posvetujete z zobozdravnikom. Na\u0161a vrata so vedno odprta za vas.<\/p>\n<ul>\n<li>ODSTRANJEVANJE ZOBNEGA KAMNA<\/li>\n<li>PROFESIONALNO \u010cI\u0160\u010cENJE ZOB<\/li>\n<li>KIRETA\u017dA<\/li>\n<\/ul>\n<\/div><\/div><\/div><\/div><\/div><div class=\"w-separator size_large\"><\/div><div class=\"g-cols wpb_row via_grid cols_3-2 laptops-cols_inherit tablets-cols_inherit mobiles-cols_1 valign_top type_default stacking_default\" style=\"--columns-gap:3.5vw;\"><div class=\"wpb_column vc_column_container\"><div class=\"vc_column-inner\"><div class=\"wpb_text_column us_custom_b818dcba\"><div class=\"wpb_wrapper\"><h3>PEDODONTIJA (otro\u0161ka stomatologija)<\/h3>\n<p>Pedodontija je podro\u010dje zobozdravstva, ki se ukvarja z preventivnimi ukrepi in terapevtskimi postopki za zdravljenje mle\u010dnih in mladih stalnih zob.<\/p>\n<p>Pomembno je, da va\u0161 otrok razvije navado obiskovanja zobozdravnika in pridobi zaupanje v svojega zobozdravnika, kar olaj\u0161a sodelovanje v prihodnosti in pomaga pri premagovanju strahu. Priporo\u010dljivo je, da prvi pregled opravite pred tretjim letom otrokove starosti.<\/p>\n<ul>\n<li>REDNI PREGLEDI<\/li>\n<li>FLUORIDACIJA<\/li>\n<li>ZALIVANJE FISUR<\/li>\n<li>BARVNE PLOMBE (TWINKY STAR)<\/li>\n<\/ul>\n<\/div><\/div><\/div><\/div><div class=\"wpb_column vc_column_container type_sticky\"><div class=\"vc_column-inner\"><div class=\"w-image us_custom_9cf479d2 style_shadow-2 has_ratio align_none\"><div class=\"w-image-h\"><div style=\"padding-bottom:66.6667%\"><\/div><div class=\"w-image-shadow\" style=\"background-image:url(https:\/\/dental-bs.eu\/wp-content\/uploads\/2023\/04\/slider_03-1-1024x320.jpg);\"><\/div><img decoding=\"async\" width=\"1024\" height=\"320\" src=\"https:\/\/dental-bs.eu\/wp-content\/uploads\/2023\/04\/slider_03-1-1024x320.jpg\" class=\"attachment-large size-large\" alt=\"\" loading=\"lazy\" \/><\/div><\/div><\/div><\/div><\/div><div class=\"w-separator size_small\"><\/div><\/div><\/div><\/div><\/div><\/section>\n","protected":false},"excerpt":{"rendered":"","protected":false},"author":1,"featured_media":0,"parent":0,"menu_order":3,"comment_status":"closed","ping_status":"closed","template":"","meta":{"footnotes":""},"class_list":["post-8707","page","type-page","status-publish","hentry"],"yoast_head":"<!-- This site is optimized with the Yoast SEO plugin v27.3 - https:\/\/yoast.com\/product\/yoast-seo-wordpress\/ -->\n<title>Storitve - Renata Bogdan \u0160kvorc, dr.med.dent.<\/title>\n<meta name=\"robots\" content=\"index, follow, max-snippet:-1, max-image-preview:large, max-video-preview:-1\" \/>\n<link rel=\"canonical\" href=\"https:\/\/dental-bs.eu\/sl\/storitve\/\" \/>\n<meta property=\"og:locale\" content=\"sl_SI\" \/>\n<meta property=\"og:type\" content=\"article\" \/>\n<meta property=\"og:title\" content=\"Storitve - Renata Bogdan \u0160kvorc, dr.med.dent.\" \/>\n<meta property=\"og:url\" content=\"https:\/\/dental-bs.eu\/sl\/storitve\/\" \/>\n<meta property=\"og:site_name\" content=\"Renata Bogdan \u0160kvorc, dr.med.dent.\" \/>\n<meta property=\"article:publisher\" content=\"https:\/\/www.facebook.com\/dr.renata.bogdan.skvorc\/\" \/>\n<meta property=\"article:modified_time\" content=\"2023-10-31T21:47:33+00:00\" \/>\n<meta property=\"og:image\" content=\"https:\/\/dental-bs.eu\/wp-content\/uploads\/2023\/04\/renata-bogdan-skvorc-cover.jpg\" \/>\n\t<meta property=\"og:image:width\" content=\"1200\" \/>\n\t<meta property=\"og:image:height\" content=\"630\" \/>\n\t<meta property=\"og:image:type\" content=\"image\/jpeg\" \/>\n<meta name=\"twitter:card\" content=\"summary_large_image\" \/>\n<script type=\"application\/ld+json\" class=\"yoast-schema-graph\">{\"@context\":\"https:\\\/\\\/schema.org\",\"@graph\":[{\"@type\":\"WebPage\",\"@id\":\"https:\\\/\\\/dental-bs.eu\\\/sl\\\/storitve\\\/\",\"url\":\"https:\\\/\\\/dental-bs.eu\\\/sl\\\/storitve\\\/\",\"name\":\"Storitve - Renata Bogdan \u0160kvorc, dr.med.dent.\",\"isPartOf\":{\"@id\":\"https:\\\/\\\/dental-bs.eu\\\/sl\\\/#website\"},\"datePublished\":\"2023-09-08T10:08:08+00:00\",\"dateModified\":\"2023-10-31T21:47:33+00:00\",\"breadcrumb\":{\"@id\":\"https:\\\/\\\/dental-bs.eu\\\/sl\\\/storitve\\\/#breadcrumb\"},\"inLanguage\":\"sl-SI\",\"potentialAction\":[{\"@type\":\"ReadAction\",\"target\":[\"https:\\\/\\\/dental-bs.eu\\\/sl\\\/storitve\\\/\"]}]},{\"@type\":\"BreadcrumbList\",\"@id\":\"https:\\\/\\\/dental-bs.eu\\\/sl\\\/storitve\\\/#breadcrumb\",\"itemListElement\":[{\"@type\":\"ListItem\",\"position\":1,\"name\":\"Po\u010detna stranica\",\"item\":\"https:\\\/\\\/dental-bs.eu\\\/sl\\\/\"},{\"@type\":\"ListItem\",\"position\":2,\"name\":\"Storitve\"}]},{\"@type\":\"WebSite\",\"@id\":\"https:\\\/\\\/dental-bs.eu\\\/sl\\\/#website\",\"url\":\"https:\\\/\\\/dental-bs.eu\\\/sl\\\/\",\"name\":\"Renata Bogdan \u0160kvorc, dr.med.dent.\",\"description\":\"Brinemo o Va\u0161im zubima\",\"publisher\":{\"@id\":\"https:\\\/\\\/dental-bs.eu\\\/sl\\\/#organization\"},\"potentialAction\":[{\"@type\":\"SearchAction\",\"target\":{\"@type\":\"EntryPoint\",\"urlTemplate\":\"https:\\\/\\\/dental-bs.eu\\\/sl\\\/?s={search_term_string}\"},\"query-input\":{\"@type\":\"PropertyValueSpecification\",\"valueRequired\":true,\"valueName\":\"search_term_string\"}}],\"inLanguage\":\"sl-SI\"},{\"@type\":\"Organization\",\"@id\":\"https:\\\/\\\/dental-bs.eu\\\/sl\\\/#organization\",\"name\":\"Renata Bogdan \u0160kvorc, dr.med.dent.\",\"url\":\"https:\\\/\\\/dental-bs.eu\\\/sl\\\/\",\"logo\":{\"@type\":\"ImageObject\",\"inLanguage\":\"sl-SI\",\"@id\":\"https:\\\/\\\/dental-bs.eu\\\/sl\\\/#\\\/schema\\\/logo\\\/image\\\/\",\"url\":\"https:\\\/\\\/dental-bs.eu\\\/wp-content\\\/uploads\\\/2023\\\/04\\\/favicon-1.png\",\"contentUrl\":\"https:\\\/\\\/dental-bs.eu\\\/wp-content\\\/uploads\\\/2023\\\/04\\\/favicon-1.png\",\"width\":512,\"height\":512,\"caption\":\"Renata Bogdan \u0160kvorc, dr.med.dent.\"},\"image\":{\"@id\":\"https:\\\/\\\/dental-bs.eu\\\/sl\\\/#\\\/schema\\\/logo\\\/image\\\/\"},\"sameAs\":[\"https:\\\/\\\/www.facebook.com\\\/dr.renata.bogdan.skvorc\\\/\"]}]}<\/script>\n<!-- \/ Yoast SEO plugin. -->","yoast_head_json":{"title":"Storitve - Renata Bogdan \u0160kvorc, dr.med.dent.","robots":{"index":"index","follow":"follow","max-snippet":"max-snippet:-1","max-image-preview":"max-image-preview:large","max-video-preview":"max-video-preview:-1"},"canonical":"https:\/\/dental-bs.eu\/sl\/storitve\/","og_locale":"sl_SI","og_type":"article","og_title":"Storitve - Renata Bogdan \u0160kvorc, dr.med.dent.","og_url":"https:\/\/dental-bs.eu\/sl\/storitve\/","og_site_name":"Renata Bogdan \u0160kvorc, dr.med.dent.","article_publisher":"https:\/\/www.facebook.com\/dr.renata.bogdan.skvorc\/","article_modified_time":"2023-10-31T21:47:33+00:00","og_image":[{"width":1200,"height":630,"url":"https:\/\/dental-bs.eu\/wp-content\/uploads\/2023\/04\/renata-bogdan-skvorc-cover.jpg","type":"image\/jpeg"}],"twitter_card":"summary_large_image","schema":{"@context":"https:\/\/schema.org","@graph":[{"@type":"WebPage","@id":"https:\/\/dental-bs.eu\/sl\/storitve\/","url":"https:\/\/dental-bs.eu\/sl\/storitve\/","name":"Storitve - Renata Bogdan \u0160kvorc, dr.med.dent.","isPartOf":{"@id":"https:\/\/dental-bs.eu\/sl\/#website"},"datePublished":"2023-09-08T10:08:08+00:00","dateModified":"2023-10-31T21:47:33+00:00","breadcrumb":{"@id":"https:\/\/dental-bs.eu\/sl\/storitve\/#breadcrumb"},"inLanguage":"sl-SI","potentialAction":[{"@type":"ReadAction","target":["https:\/\/dental-bs.eu\/sl\/storitve\/"]}]},{"@type":"BreadcrumbList","@id":"https:\/\/dental-bs.eu\/sl\/storitve\/#breadcrumb","itemListElement":[{"@type":"ListItem","position":1,"name":"Po\u010detna stranica","item":"https:\/\/dental-bs.eu\/sl\/"},{"@type":"ListItem","position":2,"name":"Storitve"}]},{"@type":"WebSite","@id":"https:\/\/dental-bs.eu\/sl\/#website","url":"https:\/\/dental-bs.eu\/sl\/","name":"Renata Bogdan \u0160kvorc, dr.med.dent.","description":"Brinemo o Va\u0161im zubima","publisher":{"@id":"https:\/\/dental-bs.eu\/sl\/#organization"},"potentialAction":[{"@type":"SearchAction","target":{"@type":"EntryPoint","urlTemplate":"https:\/\/dental-bs.eu\/sl\/?s={search_term_string}"},"query-input":{"@type":"PropertyValueSpecification","valueRequired":true,"valueName":"search_term_string"}}],"inLanguage":"sl-SI"},{"@type":"Organization","@id":"https:\/\/dental-bs.eu\/sl\/#organization","name":"Renata Bogdan \u0160kvorc, dr.med.dent.","url":"https:\/\/dental-bs.eu\/sl\/","logo":{"@type":"ImageObject","inLanguage":"sl-SI","@id":"https:\/\/dental-bs.eu\/sl\/#\/schema\/logo\/image\/","url":"https:\/\/dental-bs.eu\/wp-content\/uploads\/2023\/04\/favicon-1.png","contentUrl":"https:\/\/dental-bs.eu\/wp-content\/uploads\/2023\/04\/favicon-1.png","width":512,"height":512,"caption":"Renata Bogdan \u0160kvorc, dr.med.dent."},"image":{"@id":"https:\/\/dental-bs.eu\/sl\/#\/schema\/logo\/image\/"},"sameAs":["https:\/\/www.facebook.com\/dr.renata.bogdan.skvorc\/"]}]}},"_links":{"self":[{"href":"https:\/\/dental-bs.eu\/sl\/wp-json\/wp\/v2\/pages\/8707","targetHints":{"allow":["GET"]}}],"collection":[{"href":"https:\/\/dental-bs.eu\/sl\/wp-json\/wp\/v2\/pages"}],"about":[{"href":"https:\/\/dental-bs.eu\/sl\/wp-json\/wp\/v2\/types\/page"}],"author":[{"embeddable":true,"href":"https:\/\/dental-bs.eu\/sl\/wp-json\/wp\/v2\/users\/1"}],"replies":[{"embeddable":true,"href":"https:\/\/dental-bs.eu\/sl\/wp-json\/wp\/v2\/comments?post=8707"}],"version-history":[{"count":2,"href":"https:\/\/dental-bs.eu\/sl\/wp-json\/wp\/v2\/pages\/8707\/revisions"}],"predecessor-version":[{"id":8711,"href":"https:\/\/dental-bs.eu\/sl\/wp-json\/wp\/v2\/pages\/8707\/revisions\/8711"}],"wp:attachment":[{"href":"https:\/\/dental-bs.eu\/sl\/wp-json\/wp\/v2\/media?parent=8707"}],"curies":[{"name":"wp","href":"https:\/\/api.w.org\/{rel}","templated":true}]}}